{"id":6922,"date":"2023-11-19T10:39:22","date_gmt":"2023-11-19T10:39:22","guid":{"rendered":"https:\/\/demo.wpzoom.com\/inspiro-lite-blocks-xml\/?page_id=6922"},"modified":"2026-03-09T07:25:22","modified_gmt":"2026-03-09T06:25:22","slug":"homepage","status":"publish","type":"page","link":"https:\/\/altorf2026.fr\/","title":{"rendered":"Homepage"},"content":{"rendered":"\n<div class=\"wp-block-cover alignfull is-light\" style=\"min-height:433px;aspect-ratio:unset;\"><video class=\"wp-block-cover__video-background intrinsic-ignore\" autoplay muted loop playsinline src=\"https:\/\/altorf2026.fr\/wp-content\/uploads\/2026\/01\/Mon-film-1.mp4\" style=\"object-position:51% 53%\" data-object-fit=\"cover\" data-object-position=\"51% 53%\"><\/video><span aria-hidden=\"true\" class=\"wp-block-cover__background has-background-dim-0 has-background-dim has-background-gradient\" style=\"background:linear-gradient(185deg,rgb(0,0,0) 0%,rgba(0,0,0,0.53) 100%)\"><\/span><div class=\"wp-block-cover__inner-container has-global-padding is-layout-constrained wp-block-cover-is-layout-constrained\">\n<div style=\"margin-top:0;margin-bottom:0;height:var(--wp--preset--spacing--x-small)\" aria-hidden=\"true\" class=\"wp-block-spacer\"><\/div>\n\n\n\n<div class=\"wp-block-group is-nowrap is-layout-flex wp-container-core-group-is-layout-6c531013 wp-block-group-is-layout-flex\">\n<div class=\"wp-block-group wp-container-content-9cfa9a5a is-vertical is-content-justification-center is-layout-flex wp-container-core-group-is-layout-ce155fab wp-block-group-is-layout-flex\">\n<figure class=\"wp-block-image alignleft size-full is-resized\"><img loading=\"lazy\" decoding=\"async\" width=\"934\" height=\"934\" src=\"https:\/\/altorf2026.fr\/wp-content\/uploads\/2026\/02\/logo-transparant.png\" alt=\"\" class=\"wp-image-7174\" style=\"width:166px;height:auto\" srcset=\"https:\/\/altorf2026.fr\/wp-content\/uploads\/2026\/02\/logo-transparant.png 934w, https:\/\/altorf2026.fr\/wp-content\/uploads\/2026\/02\/logo-transparant-300x300.png 300w, https:\/\/altorf2026.fr\/wp-content\/uploads\/2026\/02\/logo-transparant-150x150.png 150w\" sizes=\"auto, (max-width: 934px) 100vw, 934px\" \/><\/figure>\n\n\n\n<p class=\"has-text-align-center has-white-color has-text-color has-max-48-font-size\" style=\"padding-right:0;padding-left:0\"><strong>ALTORF, NOTRE EQUIPE, VOTRE AVENIR<\/strong><\/p>\n<\/div>\n<\/div>\n\n\n\n<div style=\"height:88px\" aria-hidden=\"true\" class=\"wp-block-spacer\"><\/div>\n\n\n\n<h3 class=\"wp-block-heading has-text-align-center has-white-color has-text-color\" style=\"margin-top:0;margin-right:0;margin-bottom:0;margin-left:0;padding-right:0;padding-left:0\">Notre programme est le r\u00e9sultat d\u2019une connaissance du terrain <br>et d\u2019une coop\u00e9ration et concertation de toute l\u2019\u00e9quipe au travail depuis 9 mois.<br>Ce n\u2019est pas un catalogue de promesses, mais un programme concret et pr\u00e9cis, <br>utile pour Altorf que nous sommes d\u00e9termin\u00e9s \u00e0 appliquer<\/h3>\n<\/div><\/div>\n\n\n\n\n\n<div class=\"wp-block-group alignfull pattern_multiple_covers has-background-background-color has-background has-global-padding is-layout-constrained wp-block-group-is-layout-constrained\" id=\"services\">\n<div style=\"height:59px\" aria-hidden=\"true\" class=\"wp-block-spacer\"><\/div>\n\n\n\n<div class=\"wp-block-cover has-custom-content-position is-position-bottom-left\" style=\"padding-top:var(--wp--preset--spacing--small);padding-right:var(--wp--preset--spacing--x-small);padding-bottom:var(--wp--preset--spacing--small);padding-left:var(--wp--preset--spacing--x-small);min-height:309px;aspect-ratio:unset;\"><img loading=\"lazy\" decoding=\"async\" width=\"1024\" height=\"514\" class=\"wp-block-cover__image-background wp-image-7489 size-large\" alt=\"\" src=\"https:\/\/altorf2026.fr\/wp-content\/uploads\/2026\/03\/IMG_5663-scaled-e1773002322856-1024x514.jpg\" data-object-fit=\"cover\" srcset=\"https:\/\/altorf2026.fr\/wp-content\/uploads\/2026\/03\/IMG_5663-scaled-e1773002322856-1024x514.jpg 1024w, https:\/\/altorf2026.fr\/wp-content\/uploads\/2026\/03\/IMG_5663-scaled-e1773002322856-300x151.jpg 300w, https:\/\/altorf2026.fr\/wp-content\/uploads\/2026\/03\/IMG_5663-scaled-e1773002322856-768x385.jpg 768w, https:\/\/altorf2026.fr\/wp-content\/uploads\/2026\/03\/IMG_5663-scaled-e1773002322856-1536x771.jpg 1536w, https:\/\/altorf2026.fr\/wp-content\/uploads\/2026\/03\/IMG_5663-scaled-e1773002322856.jpg 1650w\" sizes=\"auto, (max-width: 1024px) 100vw, 1024px\" \/><span aria-hidden=\"true\" class=\"wp-block-cover__background has-primary-background-color has-background-dim\"><\/span><div class=\"wp-block-cover__inner-container is-layout-flow wp-block-cover-is-layout-flow\">\n<h2 class=\"wp-block-heading has-text-align-center has-white-color has-text-color\" style=\"margin-top:0;margin-right:0;margin-bottom:0;margin-left:0;text-transform:uppercase\">REUNION PUBLIQUE DU 5 MARS <\/h2>\n\n\n\n<p class=\"has-white-color has-text-color has-link-color wp-elements-5fe26a4cfecf6725d84581fe51ef91e0\" style=\"margin-top:0;margin-right:0;margin-bottom:0;margin-left:0\"><a href=\"https:\/\/altorf2026.fr\/?page_id=7482\" data-type=\"page\" data-id=\"7027\">En apprendre plus \u2192<\/a><\/p>\n<\/div><\/div>\n\n\n\n<div style=\"height:100px\" aria-hidden=\"true\" class=\"wp-block-spacer\"><\/div>\n\n\n\n<h2 class=\"wp-block-heading has-text-align-left\">Notre programme pour les ann\u00e9es \u00e0 venir :<\/h2>\n\n\n\n<div class=\"wp-block-group is-layout-grid wp-container-core-group-is-layout-55986fc0 wp-block-group-is-layout-grid\">\n<div class=\"wp-block-cover has-custom-content-position is-position-bottom-left\" style=\"padding-top:var(--wp--preset--spacing--small);padding-right:var(--wp--preset--spacing--x-small);padding-bottom:var(--wp--preset--spacing--small);padding-left:var(--wp--preset--spacing--x-small);min-height:429px;aspect-ratio:unset;\"><img loading=\"lazy\" decoding=\"async\" width=\"1024\" height=\"768\" class=\"wp-block-cover__image-background wp-image-7043 size-large\" alt=\"\" src=\"https:\/\/altorf2026.fr\/wp-content\/uploads\/2026\/01\/MTL-Altorf-VF-1024x768.jpg\" data-object-fit=\"cover\" srcset=\"https:\/\/altorf2026.fr\/wp-content\/uploads\/2026\/01\/MTL-Altorf-VF-1024x768.jpg 1024w, https:\/\/altorf2026.fr\/wp-content\/uploads\/2026\/01\/MTL-Altorf-VF-300x225.jpg 300w, https:\/\/altorf2026.fr\/wp-content\/uploads\/2026\/01\/MTL-Altorf-VF.jpg 1600w\" sizes=\"auto, (max-width: 1024px) 100vw, 1024px\" \/><span aria-hidden=\"true\" class=\"wp-block-cover__background has-primary-background-color has-background-dim\"><\/span><div class=\"wp-block-cover__inner-container is-layout-flow wp-block-cover-is-layout-flow\">\n<h2 class=\"wp-block-heading has-white-color has-text-color\" style=\"margin-top:0;margin-right:0;margin-bottom:0;margin-left:0;text-transform:uppercase\">Animation<\/h2>\n\n\n\n<p class=\"has-white-color has-text-color has-link-color wp-elements-b29cb9842927c1b4ccc2d83d5e459ce3\" style=\"margin-top:0;margin-right:0;margin-bottom:0;margin-left:0\"><a href=\"https:\/\/altorf2026.fr\/?page_id=7027\" data-type=\"page\" data-id=\"7027\">En apprendre plus \u2192<\/a><\/p>\n<\/div><\/div>\n\n\n\n<div class=\"wp-block-cover has-custom-content-position is-position-bottom-left\" style=\"padding-top:var(--wp--preset--spacing--small);padding-right:var(--wp--preset--spacing--x-small);padding-bottom:var(--wp--preset--spacing--small);padding-left:var(--wp--preset--spacing--x-small)\"><img loading=\"lazy\" decoding=\"async\" width=\"576\" height=\"1024\" class=\"wp-block-cover__image-background wp-image-7107 size-large\" alt=\"\" src=\"https:\/\/altorf2026.fr\/wp-content\/uploads\/2026\/01\/Foret02-576x1024.jpg\" data-object-fit=\"cover\" srcset=\"https:\/\/altorf2026.fr\/wp-content\/uploads\/2026\/01\/Foret02-576x1024.jpg 576w, https:\/\/altorf2026.fr\/wp-content\/uploads\/2026\/01\/Foret02-169x300.jpg 169w, https:\/\/altorf2026.fr\/wp-content\/uploads\/2026\/01\/Foret02-2000x3556.jpg 2000w, https:\/\/altorf2026.fr\/wp-content\/uploads\/2026\/01\/Foret02-scaled.jpg 1440w\" sizes=\"auto, (max-width: 576px) 100vw, 576px\" \/><span aria-hidden=\"true\" class=\"wp-block-cover__background has-primary-background-color has-background-dim\"><\/span><div class=\"wp-block-cover__inner-container is-layout-flow wp-block-cover-is-layout-flow\">\n<h2 class=\"wp-block-heading has-white-color has-text-color\" style=\"margin-top:0;margin-right:0;margin-bottom:0;margin-left:0;text-transform:uppercase\">Environnement<\/h2>\n\n\n\n<p class=\"has-white-color has-text-color has-link-color wp-elements-129771e182267046837427309990d1d9\" style=\"margin-top:0;margin-right:0;margin-bottom:0;margin-left:0\"><a href=\"https:\/\/altorf2026.fr\/?page_id=7045\" data-type=\"page\" data-id=\"7045\">En apprendre plus \u2192<\/a><\/p>\n<\/div><\/div>\n\n\n\n<div class=\"wp-block-cover has-custom-content-position is-position-bottom-left\" style=\"padding-top:var(--wp--preset--spacing--small);padding-right:var(--wp--preset--spacing--x-small);padding-bottom:var(--wp--preset--spacing--small);padding-left:var(--wp--preset--spacing--x-small)\"><img loading=\"lazy\" decoding=\"async\" width=\"1024\" height=\"768\" class=\"wp-block-cover__image-background wp-image-7110 size-large\" alt=\"\" src=\"https:\/\/altorf2026.fr\/wp-content\/uploads\/2026\/01\/PHOTO-2026-01-30-16-22-21-1024x768.jpg\" data-object-fit=\"cover\" srcset=\"https:\/\/altorf2026.fr\/wp-content\/uploads\/2026\/01\/PHOTO-2026-01-30-16-22-21-1024x768.jpg 1024w, https:\/\/altorf2026.fr\/wp-content\/uploads\/2026\/01\/PHOTO-2026-01-30-16-22-21-300x225.jpg 300w, https:\/\/altorf2026.fr\/wp-content\/uploads\/2026\/01\/PHOTO-2026-01-30-16-22-21.jpg 1600w\" sizes=\"auto, (max-width: 1024px) 100vw, 1024px\" \/><span aria-hidden=\"true\" class=\"wp-block-cover__background has-primary-background-color has-background-dim\"><\/span><div class=\"wp-block-cover__inner-container is-layout-flow wp-block-cover-is-layout-flow\">\n<h2 class=\"wp-block-heading has-white-color has-text-color\" style=\"margin-top:0;margin-right:0;margin-bottom:0;margin-left:0;text-transform:uppercase\">Mobilit\u00e9s<\/h2>\n\n\n\n<p class=\"has-white-color has-text-color has-link-color wp-elements-901ac610f45c0275a0fad3f5ad085f3e\" style=\"margin-top:0;margin-right:0;margin-bottom:0;margin-left:0\"><a href=\"https:\/\/altorf2026.fr\/?page_id=7036\" data-type=\"page\" data-id=\"7036\">En apprendre plus \u2192<\/a><\/p>\n<\/div><\/div>\n\n\n\n<div class=\"wp-block-cover has-custom-content-position is-position-bottom-left\" style=\"padding-top:var(--wp--preset--spacing--small);padding-right:var(--wp--preset--spacing--x-small);padding-bottom:var(--wp--preset--spacing--small);padding-left:var(--wp--preset--spacing--x-small)\"><img loading=\"lazy\" decoding=\"async\" width=\"1006\" height=\"1024\" class=\"wp-block-cover__image-background wp-image-7104 size-large\" alt=\"\" src=\"https:\/\/altorf2026.fr\/wp-content\/uploads\/2026\/01\/HP5A1817-2-scaled-e1769785914408-1006x1024.jpg\" data-object-fit=\"cover\" srcset=\"https:\/\/altorf2026.fr\/wp-content\/uploads\/2026\/01\/HP5A1817-2-scaled-e1769785914408-1006x1024.jpg 1006w, https:\/\/altorf2026.fr\/wp-content\/uploads\/2026\/01\/HP5A1817-2-scaled-e1769785914408-295x300.jpg 295w, https:\/\/altorf2026.fr\/wp-content\/uploads\/2026\/01\/HP5A1817-2-scaled-e1769785914408-768x782.jpg 768w, https:\/\/altorf2026.fr\/wp-content\/uploads\/2026\/01\/HP5A1817-2-scaled-e1769785914408-1509x1536.jpg 1509w, https:\/\/altorf2026.fr\/wp-content\/uploads\/2026\/01\/HP5A1817-2-scaled-e1769785914408-600x611.jpg 600w, https:\/\/altorf2026.fr\/wp-content\/uploads\/2026\/01\/HP5A1817-2-scaled-e1769785914408-1200x1222.jpg 1200w, https:\/\/altorf2026.fr\/wp-content\/uploads\/2026\/01\/HP5A1817-2-scaled-e1769785914408.jpg 1886w\" sizes=\"auto, (max-width: 1006px) 100vw, 1006px\" \/><span aria-hidden=\"true\" class=\"wp-block-cover__background has-primary-background-color has-background-dim\"><\/span><div class=\"wp-block-cover__inner-container is-layout-flow wp-block-cover-is-layout-flow\">\n<h2 class=\"wp-block-heading has-white-color has-text-color\" style=\"margin-top:0;margin-right:0;margin-bottom:0;margin-left:0;text-transform:uppercase\">Patrimoine<\/h2>\n\n\n\n<p class=\"has-white-color has-text-color has-link-color wp-elements-8714da21abe96b4af48436b390ff4e03\" style=\"margin-top:0;margin-right:0;margin-bottom:0;margin-left:0\"><a href=\"https:\/\/altorf2026.fr\/?page_id=7054\" data-type=\"page\" data-id=\"7054\">En apprendre plus \u2192<\/a><\/p>\n<\/div><\/div>\n\n\n\n<div class=\"wp-block-cover has-custom-content-position is-position-bottom-left\" style=\"padding-top:var(--wp--preset--spacing--small);padding-right:var(--wp--preset--spacing--x-small);padding-bottom:var(--wp--preset--spacing--small);padding-left:var(--wp--preset--spacing--x-small)\"><img loading=\"lazy\" decoding=\"async\" width=\"823\" height=\"870\" class=\"wp-block-cover__image-background wp-image-7111 size-full\" alt=\"\" src=\"https:\/\/altorf2026.fr\/wp-content\/uploads\/2026\/01\/Capture-decran-2026-01-30-a-16.40.17.png\" data-object-fit=\"cover\" srcset=\"https:\/\/altorf2026.fr\/wp-content\/uploads\/2026\/01\/Capture-decran-2026-01-30-a-16.40.17.png 823w, https:\/\/altorf2026.fr\/wp-content\/uploads\/2026\/01\/Capture-decran-2026-01-30-a-16.40.17-284x300.png 284w\" sizes=\"auto, (max-width: 823px) 100vw, 823px\" \/><span aria-hidden=\"true\" class=\"wp-block-cover__background has-primary-background-color has-background-dim\"><\/span><div class=\"wp-block-cover__inner-container is-layout-flow wp-block-cover-is-layout-flow\">\n<h2 class=\"wp-block-heading has-white-color has-text-color\" style=\"margin-top:0;margin-right:0;margin-bottom:0;margin-left:0;text-transform:uppercase\">Amenagement du territoire<\/h2>\n\n\n\n<p class=\"has-white-color has-text-color has-link-color wp-elements-efe7531da4be80282618daca5f150164\" style=\"margin-top:0;margin-right:0;margin-bottom:0;margin-left:0\"><a href=\"https:\/\/altorf2026.fr\/?page_id=7060\" data-type=\"page\" data-id=\"7060\">En apprendre plus \u2192<\/a><\/p>\n<\/div><\/div>\n\n\n\n<div class=\"wp-block-cover has-custom-content-position is-position-bottom-left wp-container-content-e9e3d78d\" style=\"padding-top:var(--wp--preset--spacing--small);padding-right:var(--wp--preset--spacing--x-small);padding-bottom:var(--wp--preset--spacing--small);padding-left:var(--wp--preset--spacing--x-small)\"><img loading=\"lazy\" decoding=\"async\" width=\"1024\" height=\"576\" class=\"wp-block-cover__image-background wp-image-7101 size-large\" alt=\"\" src=\"https:\/\/altorf2026.fr\/wp-content\/uploads\/2026\/01\/village-vue-depuis-eglise04-1024x576.jpg\" data-object-fit=\"cover\" srcset=\"https:\/\/altorf2026.fr\/wp-content\/uploads\/2026\/01\/village-vue-depuis-eglise04-1024x576.jpg 1024w, https:\/\/altorf2026.fr\/wp-content\/uploads\/2026\/01\/village-vue-depuis-eglise04-300x169.jpg 300w, https:\/\/altorf2026.fr\/wp-content\/uploads\/2026\/01\/village-vue-depuis-eglise04-2000x1125.jpg 2000w\" sizes=\"auto, (max-width: 1024px) 100vw, 1024px\" \/><span aria-hidden=\"true\" class=\"wp-block-cover__background has-primary-background-color has-background-dim\"><\/span><div class=\"wp-block-cover__inner-container is-layout-flow wp-block-cover-is-layout-flow\">\n<h2 class=\"wp-block-heading has-white-color has-text-color\" style=\"margin-top:0;margin-right:0;margin-bottom:0;margin-left:0;text-transform:uppercase\">ALTORF AU QUOTIDIEN<\/h2>\n\n\n\n<p class=\"has-white-color has-text-color has-link-color wp-elements-21114c5fe228c297c9a8b80ee4d003d6\" style=\"margin-top:0;margin-right:0;margin-bottom:0;margin-left:0\"><a href=\"https:\/\/altorf2026.fr\/?page_id=7067\" data-type=\"page\" data-id=\"7067\">En apprendre plus \u2192<\/a><\/p>\n<\/div><\/div>\n<\/div>\n\n\n\n<p class=\"has-text-align-center\">ANIMATION &#8211; ENVIRONNEMENT &#8211; MOBILIT\u00c9S &#8211; PATRIMOINE &#8211; AMENAGEMENT &#8211; QUOTIDIEN,<\/p>\n\n\n\n<p class=\"has-text-align-center\">constituent les piliers d\u2019un projet \u00e0 la fois ambitieux, r\u00e9aliste et profond\u00e9ment humain.<\/p>\n\n\n\n<p class=\"has-text-align-center\">Ce programme ne se veut pas un simple catalogue de promesses, mais une&nbsp;<strong>feuille de route concr\u00e8te<\/strong>, construite \u00e0 partir de vos attentes et de besoins identifi\u00e9s. Nous nous engageons \u00e0 agir avec&nbsp;<strong>s\u00e9rieux, transparence, et responsabilit\u00e9<\/strong>, tout en garantissant une&nbsp;<strong>gestion rigoureuse&nbsp;<\/strong>des finances communales&nbsp;<strong>sans augmentation&nbsp;<\/strong>de la pression fiscale.<\/p>\n<\/div>\n\n\n\n<div class=\"wp-block-group alignfull has-global-padding is-layout-constrained wp-block-group-is-layout-constrained\">\n<div class=\"wp-block-media-text is-stacked-on-mobile\" style=\"grid-template-columns:48% auto\"><figure class=\"wp-block-media-text__media\"><img loading=\"lazy\" decoding=\"async\" width=\"1024\" height=\"724\" src=\"https:\/\/altorf2026.fr\/wp-content\/uploads\/2026\/01\/HP5A9944-copie-scaled-e1769939094644-1024x724.jpg\" alt=\"\" class=\"wp-image-7074 size-full\" srcset=\"https:\/\/altorf2026.fr\/wp-content\/uploads\/2026\/01\/HP5A9944-copie-scaled-e1769939094644-1024x724.jpg 1024w, https:\/\/altorf2026.fr\/wp-content\/uploads\/2026\/01\/HP5A9944-copie-scaled-e1769939094644-300x212.jpg 300w, https:\/\/altorf2026.fr\/wp-content\/uploads\/2026\/01\/HP5A9944-copie-scaled-e1769939094644-2000x1415.jpg 2000w, https:\/\/altorf2026.fr\/wp-content\/uploads\/2026\/01\/HP5A9944-copie-scaled-e1769939094644-768x543.jpg 768w, https:\/\/altorf2026.fr\/wp-content\/uploads\/2026\/01\/HP5A9944-copie-scaled-e1769939094644-1536x1087.jpg 1536w, https:\/\/altorf2026.fr\/wp-content\/uploads\/2026\/01\/HP5A9944-copie-scaled-e1769939094644-2048x1449.jpg 2048w, https:\/\/altorf2026.fr\/wp-content\/uploads\/2026\/01\/HP5A9944-copie-scaled-e1769939094644-600x424.jpg 600w, https:\/\/altorf2026.fr\/wp-content\/uploads\/2026\/01\/HP5A9944-copie-scaled-e1769939094644-1200x849.jpg 1200w\" sizes=\"auto, (max-width: 1024px) 100vw, 1024px\" \/><\/figure><div class=\"wp-block-media-text__content\">\n<h2 class=\"wp-block-heading has-medium-font-size\" style=\"text-transform:uppercase\">Notre equipe<\/h2>\n\n\n\n<p class=\"has-text-align-center\" style=\"margin-right:0;margin-left:0\">(De gauche \u00e0 droite) : Christian SCHAAL, Christophe KLEIN, Yannick BERGDOLT, Victoire AUTRET, Estelle ROSER, Pauline BUCHERT, Marie-Laure GERLIER, Marc MULLER, Bernard RAULIN, Chantal WITTMANN, Marie-Isabelle DI GRANDE, Jean-Pierre LEIBENGUTH, Laurence HOMMEL, L\u00e9o KRAUS, Christian FOESSER.<\/p>\n\n\n\n<ul class=\"wp-block-social-links is-content-justification-center is-layout-flex wp-container-core-social-links-is-layout-a89b3969 wp-block-social-links-is-layout-flex\"><li class=\"wp-social-link wp-social-link-facebook  wp-block-social-link\"><a href=\"https:\/\/www.facebook.com\/people\/Altorf-notre-\u00e9quipe-votre-avenir\/61585785959064\/?mibextid=wwXIfr&#038;rdid=Fj9CUrHuTY5to8zs&#038;share_url=https%3A%2F%2Fwww.facebook.com%2Fshare%2F1DHkzoHNQV%2F%3Fmibextid%3DwwXIfr\" class=\"wp-block-social-link-anchor\"><svg width=\"24\" height=\"24\" viewBox=\"0 0 24 24\" version=\"1.1\" xmlns=\"http:\/\/www.w3.org\/2000\/svg\" aria-hidden=\"true\" focusable=\"false\"><path d=\"M12 2C6.5 2 2 6.5 2 12c0 5 3.7 9.1 8.4 9.9v-7H7.9V12h2.5V9.8c0-2.5 1.5-3.9 3.8-3.9 1.1 0 2.2.2 2.2.2v2.5h-1.3c-1.2 0-1.6.8-1.6 1.6V12h2.8l-.4 2.9h-2.3v7C18.3 21.1 22 17 22 12c0-5.5-4.5-10-10-10z\"><\/path><\/svg><span class=\"wp-block-social-link-label screen-reader-text\">Facebook<\/span><\/a><\/li>\n\n<li class=\"wp-social-link wp-social-link-mail  wp-block-social-link\"><a href=\"mailto:a&#118;&#101;ni&#114;&#064;a&#108;t&#111;&#114;f&#050;0&#050;&#054;.fr\" class=\"wp-block-social-link-anchor\"><svg width=\"24\" height=\"24\" viewBox=\"0 0 24 24\" version=\"1.1\" xmlns=\"http:\/\/www.w3.org\/2000\/svg\" aria-hidden=\"true\" focusable=\"false\"><path d=\"M19,5H5c-1.1,0-2,.9-2,2v10c0,1.1.9,2,2,2h14c1.1,0,2-.9,2-2V7c0-1.1-.9-2-2-2zm.5,12c0,.3-.2.5-.5.5H5c-.3,0-.5-.2-.5-.5V9.8l7.5,5.6,7.5-5.6V17zm0-9.1L12,13.6,4.5,7.9V7c0-.3.2-.5.5-.5h14c.3,0,.5.2.5.5v.9z\"><\/path><\/svg><span class=\"wp-block-social-link-label screen-reader-text\">E-mail<\/span><\/a><\/li>\n\n<li class=\"wp-social-link wp-social-link-instagram  wp-block-social-link\"><a href=\"https:\/\/www.instagram.com\/marc_muller_altorf?igsh=MTBxNWYzbTByM3BsNQ==\" class=\"wp-block-social-link-anchor\"><svg width=\"24\" height=\"24\" viewBox=\"0 0 24 24\" version=\"1.1\" xmlns=\"http:\/\/www.w3.org\/2000\/svg\" aria-hidden=\"true\" focusable=\"false\"><path d=\"M12,4.622c2.403,0,2.688,0.009,3.637,0.052c0.877,0.04,1.354,0.187,1.671,0.31c0.42,0.163,0.72,0.358,1.035,0.673 c0.315,0.315,0.51,0.615,0.673,1.035c0.123,0.317,0.27,0.794,0.31,1.671c0.043,0.949,0.052,1.234,0.052,3.637 s-0.009,2.688-0.052,3.637c-0.04,0.877-0.187,1.354-0.31,1.671c-0.163,0.42-0.358,0.72-0.673,1.035 c-0.315,0.315-0.615,0.51-1.035,0.673c-0.317,0.123-0.794,0.27-1.671,0.31c-0.949,0.043-1.233,0.052-3.637,0.052 s-2.688-0.009-3.637-0.052c-0.877-0.04-1.354-0.187-1.671-0.31c-0.42-0.163-0.72-0.358-1.035-0.673 c-0.315-0.315-0.51-0.615-0.673-1.035c-0.123-0.317-0.27-0.794-0.31-1.671C4.631,14.688,4.622,14.403,4.622,12 s0.009-2.688,0.052-3.637c0.04-0.877,0.187-1.354,0.31-1.671c0.163-0.42,0.358-0.72,0.673-1.035 c0.315-0.315,0.615-0.51,1.035-0.673c0.317-0.123,0.794-0.27,1.671-0.31C9.312,4.631,9.597,4.622,12,4.622 M12,3 C9.556,3,9.249,3.01,8.289,3.054C7.331,3.098,6.677,3.25,6.105,3.472C5.513,3.702,5.011,4.01,4.511,4.511 c-0.5,0.5-0.808,1.002-1.038,1.594C3.25,6.677,3.098,7.331,3.054,8.289C3.01,9.249,3,9.556,3,12c0,2.444,0.01,2.751,0.054,3.711 c0.044,0.958,0.196,1.612,0.418,2.185c0.23,0.592,0.538,1.094,1.038,1.594c0.5,0.5,1.002,0.808,1.594,1.038 c0.572,0.222,1.227,0.375,2.185,0.418C9.249,20.99,9.556,21,12,21s2.751-0.01,3.711-0.054c0.958-0.044,1.612-0.196,2.185-0.418 c0.592-0.23,1.094-0.538,1.594-1.038c0.5-0.5,0.808-1.002,1.038-1.594c0.222-0.572,0.375-1.227,0.418-2.185 C20.99,14.751,21,14.444,21,12s-0.01-2.751-0.054-3.711c-0.044-0.958-0.196-1.612-0.418-2.185c-0.23-0.592-0.538-1.094-1.038-1.594 c-0.5-0.5-1.002-0.808-1.594-1.038c-0.572-0.222-1.227-0.375-2.185-0.418C14.751,3.01,14.444,3,12,3L12,3z M12,7.378 c-2.552,0-4.622,2.069-4.622,4.622S9.448,16.622,12,16.622s4.622-2.069,4.622-4.622S14.552,7.378,12,7.378z M12,15 c-1.657,0-3-1.343-3-3s1.343-3,3-3s3,1.343,3,3S13.657,15,12,15z M16.804,6.116c-0.596,0-1.08,0.484-1.08,1.08 s0.484,1.08,1.08,1.08c0.596,0,1.08-0.484,1.08-1.08S17.401,6.116,16.804,6.116z\"><\/path><\/svg><span class=\"wp-block-social-link-label screen-reader-text\">Instagram<\/span><\/a><\/li><\/ul>\n<\/div><\/div>\n\n\n\n<div style=\"height:30px\" aria-hidden=\"true\" class=\"wp-block-spacer\"><\/div>\n<\/div>\n\n\n\n<div style=\"height:var(--wp--preset--spacing--x-small);width:0px\" aria-hidden=\"true\" class=\"wp-block-spacer\"><\/div>\n\n\n\n<figure class=\"wp-block-video\"><video height=\"272\" style=\"aspect-ratio: 480 \/ 272;\" width=\"480\" controls poster=\"https:\/\/altorf2026.fr\/wp-content\/uploads\/2026\/01\/Capture-decran-2026-01-30-a-14.12.22.png\" src=\"https:\/\/altorf2026.fr\/wp-content\/uploads\/2026\/01\/Marc-Muller.mov\"><\/video><figcaption class=\"wp-element-caption\">Marc MULLER<\/figcaption><\/figure>\n\n\n\n\n\n\n\n\n\n\n\n\n\n\n\n<p><\/p>\n","protected":false},"excerpt":{"rendered":"<p>WE ARE A CREATIVE AGENCY LOCATED IN LONDON This is some dummy copy. You\u2019re not really supposed to read this dummy copy, it is just a placeholder for people who need some type to visualize what the actual copy might look like if it were real content. Notre programme pour les ann\u00e9es \u00e0 venir : &hellip; <\/p>\n<p class=\"link-more\"><a href=\"https:\/\/altorf2026.fr\/\" class=\"more-link\">Lire la suite de<span class=\"screen-reader-text\">\u00ab\u00a0Homepage\u00a0\u00bb<\/span><\/a><\/p>\n","protected":false},"author":1,"featured_media":0,"parent":0,"menu_order":0,"comment_status":"closed","ping_status":"closed","template":"page-templates\/full-width-transparent.php","meta":{"footnotes":""},"class_list":["post-6922","page","type-page","status-publish","hentry"],"_links":{"self":[{"href":"https:\/\/altorf2026.fr\/index.php?rest_route=\/wp\/v2\/pages\/6922","targetHints":{"allow":["GET"]}}],"collection":[{"href":"https:\/\/altorf2026.fr\/index.php?rest_route=\/wp\/v2\/pages"}],"about":[{"href":"https:\/\/altorf2026.fr\/index.php?rest_route=\/wp\/v2\/types\/page"}],"author":[{"embeddable":true,"href":"https:\/\/altorf2026.fr\/index.php?rest_route=\/wp\/v2\/users\/1"}],"replies":[{"embeddable":true,"href":"https:\/\/altorf2026.fr\/index.php?rest_route=%2Fwp%2Fv2%2Fcomments&post=6922"}],"version-history":[{"count":50,"href":"https:\/\/altorf2026.fr\/index.php?rest_route=\/wp\/v2\/pages\/6922\/revisions"}],"predecessor-version":[{"id":7546,"href":"https:\/\/altorf2026.fr\/index.php?rest_route=\/wp\/v2\/pages\/6922\/revisions\/7546"}],"wp:attachment":[{"href":"https:\/\/altorf2026.fr\/index.php?rest_route=%2Fwp%2Fv2%2Fmedia&parent=6922"}],"curies":[{"name":"wp","href":"https:\/\/api.w.org\/{rel}","templated":true}]}}