{"id":7027,"date":"2026-01-30T16:54:25","date_gmt":"2026-01-30T15:54:25","guid":{"rendered":"http:\/\/altorf2026.fr\/?page_id=7027"},"modified":"2026-02-01T10:50:29","modified_gmt":"2026-02-01T09:50:29","slug":"animations","status":"publish","type":"page","link":"https:\/\/altorf2026.fr\/?page_id=7027","title":{"rendered":"ANIMATIONS"},"content":{"rendered":"\n<div style=\"height:var(--wp--preset--spacing--x-small)\" aria-hidden=\"true\" class=\"wp-block-spacer\"><\/div>\n\n\n\n<p class=\"has-text-align-center has-medium-font-size\"><strong>Beaucoup d\u2019habitants d\u00e9plorent un manque de dynamisme et de vitalit\u00e9, regrettant le manque de lien social.<br>Nous voulons, pour vous, un&nbsp;village vivant, un&nbsp;village qui rassemble&nbsp;avec davantage de&nbsp;vie locale&nbsp;et&nbsp;de moments de convivialit\u00e9.<\/strong><\/p>\n\n\n\n<div style=\"height:var(--wp--preset--spacing--x-small)\" aria-hidden=\"true\" class=\"wp-block-spacer\"><\/div>\n\n\n\n<div class=\"wp-block-media-text has-media-on-the-right is-stacked-on-mobile\" style=\"grid-template-columns:auto 30%\"><div class=\"wp-block-media-text__content\">\n<h2 class=\"wp-block-heading has-text-align-center\">NOUS CR\u00c9ERONS UN COMIT\u00c9 DES F\u00caTES ET D\u2019ANIMATIONS COMMUNAL PR\u00c9SID\u00c9 PAR UN ADJOINT, QUI PERMETTRA :<\/h2>\n<\/div><figure class=\"wp-block-media-text__media\"><img loading=\"lazy\" decoding=\"async\" width=\"1024\" height=\"517\" src=\"https:\/\/altorf2026.fr\/wp-content\/uploads\/2026\/01\/Comite-des-fetes-1024x517.png\" alt=\"\" class=\"wp-image-7029 size-full\" srcset=\"https:\/\/altorf2026.fr\/wp-content\/uploads\/2026\/01\/Comite-des-fetes-1024x517.png 1024w, https:\/\/altorf2026.fr\/wp-content\/uploads\/2026\/01\/Comite-des-fetes-300x152.png 300w, https:\/\/altorf2026.fr\/wp-content\/uploads\/2026\/01\/Comite-des-fetes.png 1887w\" sizes=\"auto, (max-width: 1024px) 100vw, 1024px\" \/><\/figure><\/div>\n\n\n\n<div style=\"height:var(--wp--preset--spacing--x-small)\" aria-hidden=\"true\" class=\"wp-block-spacer\"><\/div>\n\n\n\n<h3 class=\"wp-block-heading\">DE LUTTER CONTRE L\u2019EXCLUSION ET FAVORISER LE LIEN. NOUS ORGANISERONS :<\/h3>\n\n\n\n<div class=\"wp-block-media-text is-stacked-on-mobile\" style=\"margin-right:0;margin-left:0;padding-right:var(--wp--preset--spacing--small);padding-left:var(--wp--preset--spacing--small);grid-template-columns:15% auto\"><figure class=\"wp-block-media-text__media\"><img loading=\"lazy\" decoding=\"async\" width=\"1024\" height=\"847\" src=\"https:\/\/altorf2026.fr\/wp-content\/uploads\/2026\/01\/silhouettes-1024x847.png\" alt=\"\" class=\"wp-image-7030 size-full\" srcset=\"https:\/\/altorf2026.fr\/wp-content\/uploads\/2026\/01\/silhouettes-1024x847.png 1024w, https:\/\/altorf2026.fr\/wp-content\/uploads\/2026\/01\/silhouettes-300x248.png 300w, https:\/\/altorf2026.fr\/wp-content\/uploads\/2026\/01\/silhouettes.png 1993w\" sizes=\"auto, (max-width: 1024px) 100vw, 1024px\" \/><\/figure><div class=\"wp-block-media-text__content\">\n<ul class=\"wp-block-list\">\n<li>Des activit\u00e9s hebdomadaires : (jeux de cartes, jeux de soci\u00e9t\u00e9, ateliers&#8230;)<\/li>\n\n\n\n<li>Des sorties p\u00e9destres, des excursions : (Visites \/ Mus\u00e9es \/ Mont St Odile \/ Obernai \/ Kirrwiller \/ Europa Park \/ Parc de Sainte-Croix &#8230;)<\/li>\n\n\n\n<li>Nous proposerons des sorties conviviales, pour favoriser les rencontres et partager ensemble de bons moments.<\/li>\n<\/ul>\n\n\n\n<p><strong>Ces activit\u00e9s seront ouvertes \u00e0 tous.<\/strong><\/p>\n<\/div><\/div>\n\n\n\n<h3 class=\"wp-block-heading\">DE MIEUX SOUTENIR LES ASSOCIATIONS &#8211; DE COORDONNER ET DE PROMOUVOIR LES ANIMATIONS<\/h3>\n\n\n\n<h3 class=\"wp-block-heading\">DE FAIRE VIVRE NOTRE PATRIMOINE :<\/h3>\n\n\n\n<div class=\"wp-block-media-text is-stacked-on-mobile\" style=\"grid-template-columns:22% auto\"><figure class=\"wp-block-media-text__media\"><img loading=\"lazy\" decoding=\"async\" width=\"275\" height=\"213\" src=\"https:\/\/altorf2026.fr\/wp-content\/uploads\/2026\/01\/Capture-decran-2026-01-30-a-14.21.43.png\" alt=\"\" class=\"wp-image-7085 size-full\"\/><\/figure><div class=\"wp-block-media-text__content\">\n<p>En concertation avec les associations, une r\u00e9flexion sera men\u00e9e pour cr\u00e9er en p\u00e9riode estivale :<\/p>\n\n\n\n<ul class=\"wp-block-list\">\n<li><strong>Un bar \u00e9ph\u00e9m\u00e8re, des concerts &amp; animations<\/strong><\/li>\n\n\n\n<li><strong>Concerts &amp; festival de musique&nbsp;<\/strong>dans l\u2019\u00e9glise apr\u00e8s sa r\u00e9ouverture<\/li>\n<\/ul>\n<\/div><\/div>\n\n\n\n<h3 class=\"wp-block-heading\">D\u2019ORGANISER LA F\u00caTE DE NO\u00cbL DES A\u00ceN\u00c9S :<\/h3>\n\n\n\n<div class=\"wp-block-media-text is-stacked-on-mobile\" style=\"grid-template-columns:22% auto\"><figure class=\"wp-block-media-text__media\"><img loading=\"lazy\" decoding=\"async\" width=\"1024\" height=\"768\" src=\"https:\/\/altorf2026.fr\/wp-content\/uploads\/2026\/01\/MTL-Altorf-VF-1024x768.jpg\" alt=\"\" class=\"wp-image-7043 size-full\" srcset=\"https:\/\/altorf2026.fr\/wp-content\/uploads\/2026\/01\/MTL-Altorf-VF-1024x768.jpg 1024w, https:\/\/altorf2026.fr\/wp-content\/uploads\/2026\/01\/MTL-Altorf-VF-300x225.jpg 300w, https:\/\/altorf2026.fr\/wp-content\/uploads\/2026\/01\/MTL-Altorf-VF.jpg 1600w\" sizes=\"auto, (max-width: 1024px) 100vw, 1024px\" \/><\/figure><div class=\"wp-block-media-text__content\">\n<p><strong>Elle sera \u00e0 nouveau organis\u00e9e \u00e0 la MTL,&nbsp;<\/strong>par et avec la participation de&nbsp;<strong>tous&nbsp;<\/strong>les membres du conseil municipal.<\/p>\n<\/div><\/div>\n\n\n\n<h3 class=\"wp-block-heading\">DE PARTICIPER AU FLEURISSEMENT ET \u00c0 L\u2019EMBELLISSEMENT D\u2019ALTORF :<\/h3>\n\n\n\n<div class=\"wp-block-media-text is-stacked-on-mobile\" style=\"grid-template-columns:22% auto\"><figure class=\"wp-block-media-text__media\"><img loading=\"lazy\" decoding=\"async\" width=\"1024\" height=\"682\" src=\"https:\/\/altorf2026.fr\/wp-content\/uploads\/2026\/01\/Altorf-Fleurs02-1024x682.jpg\" alt=\"\" class=\"wp-image-7033 size-full\" srcset=\"https:\/\/altorf2026.fr\/wp-content\/uploads\/2026\/01\/Altorf-Fleurs02-1024x682.jpg 1024w, https:\/\/altorf2026.fr\/wp-content\/uploads\/2026\/01\/Altorf-Fleurs02-300x200.jpg 300w, https:\/\/altorf2026.fr\/wp-content\/uploads\/2026\/01\/Altorf-Fleurs02.jpg 1600w\" sizes=\"auto, (max-width: 1024px) 100vw, 1024px\" \/><\/figure><div class=\"wp-block-media-text__content\">\n<p>A l\u2019image du remarquable travail r\u00e9alis\u00e9 par les membres de l\u2019AAPHA dans le jardin du clo\u00eetre, nous valoriserons l\u2019engagement des b\u00e9n\u00e9voles et encouragerons le fleurissement participatif avec le soutien logistique de la commune.<\/p>\n\n\n\n<p><em>Ces photos ont \u00e9t\u00e9 prises avant 2020.<\/em><\/p>\n<\/div><\/div>\n\n\n\n<figure class=\"wp-block-gallery has-nested-images columns-default is-cropped wp-block-gallery-1 is-layout-flex wp-block-gallery-is-layout-flex\">\n<figure class=\"wp-block-image size-large\"><img loading=\"lazy\" decoding=\"async\" width=\"1024\" height=\"682\" data-id=\"7183\" src=\"https:\/\/altorf2026.fr\/wp-content\/uploads\/2026\/02\/Altorf-Fleurs01-1024x682.jpg\" alt=\"\" class=\"wp-image-7183\" srcset=\"https:\/\/altorf2026.fr\/wp-content\/uploads\/2026\/02\/Altorf-Fleurs01-1024x682.jpg 1024w, https:\/\/altorf2026.fr\/wp-content\/uploads\/2026\/02\/Altorf-Fleurs01-300x200.jpg 300w, https:\/\/altorf2026.fr\/wp-content\/uploads\/2026\/02\/Altorf-Fleurs01.jpg 1600w\" sizes=\"auto, (max-width: 1024px) 100vw, 1024px\" \/><\/figure>\n\n\n\n<figure class=\"wp-block-image size-large\"><img loading=\"lazy\" decoding=\"async\" width=\"1024\" height=\"682\" data-id=\"7184\" src=\"https:\/\/altorf2026.fr\/wp-content\/uploads\/2026\/02\/Altorf-Fleurs06-1024x682.jpg\" alt=\"\" class=\"wp-image-7184\" srcset=\"https:\/\/altorf2026.fr\/wp-content\/uploads\/2026\/02\/Altorf-Fleurs06-1024x682.jpg 1024w, https:\/\/altorf2026.fr\/wp-content\/uploads\/2026\/02\/Altorf-Fleurs06-300x200.jpg 300w, https:\/\/altorf2026.fr\/wp-content\/uploads\/2026\/02\/Altorf-Fleurs06.jpg 1600w\" sizes=\"auto, (max-width: 1024px) 100vw, 1024px\" \/><\/figure>\n\n\n\n<figure class=\"wp-block-image size-large\"><img loading=\"lazy\" decoding=\"async\" width=\"1024\" height=\"682\" data-id=\"7185\" src=\"https:\/\/altorf2026.fr\/wp-content\/uploads\/2026\/02\/Altorf-Fleurs07-1024x682.jpg\" alt=\"\" class=\"wp-image-7185\" srcset=\"https:\/\/altorf2026.fr\/wp-content\/uploads\/2026\/02\/Altorf-Fleurs07-1024x682.jpg 1024w, https:\/\/altorf2026.fr\/wp-content\/uploads\/2026\/02\/Altorf-Fleurs07-300x200.jpg 300w, https:\/\/altorf2026.fr\/wp-content\/uploads\/2026\/02\/Altorf-Fleurs07.jpg 1600w\" sizes=\"auto, (max-width: 1024px) 100vw, 1024px\" \/><\/figure>\n\n\n\n<figure class=\"wp-block-image size-large\"><img loading=\"lazy\" decoding=\"async\" width=\"1024\" height=\"682\" data-id=\"7186\" src=\"https:\/\/altorf2026.fr\/wp-content\/uploads\/2026\/02\/Altorf-Fleurs09-1024x682.jpg\" alt=\"\" class=\"wp-image-7186\" srcset=\"https:\/\/altorf2026.fr\/wp-content\/uploads\/2026\/02\/Altorf-Fleurs09-1024x682.jpg 1024w, https:\/\/altorf2026.fr\/wp-content\/uploads\/2026\/02\/Altorf-Fleurs09-300x200.jpg 300w, https:\/\/altorf2026.fr\/wp-content\/uploads\/2026\/02\/Altorf-Fleurs09.jpg 1600w\" sizes=\"auto, (max-width: 1024px) 100vw, 1024px\" \/><\/figure>\n\n\n\n<figure class=\"wp-block-image size-large\"><img loading=\"lazy\" decoding=\"async\" width=\"1024\" height=\"682\" data-id=\"7187\" src=\"https:\/\/altorf2026.fr\/wp-content\/uploads\/2026\/02\/Altorf-Fleurs08-1024x682.jpg\" alt=\"\" class=\"wp-image-7187\" srcset=\"https:\/\/altorf2026.fr\/wp-content\/uploads\/2026\/02\/Altorf-Fleurs08-1024x682.jpg 1024w, https:\/\/altorf2026.fr\/wp-content\/uploads\/2026\/02\/Altorf-Fleurs08-300x200.jpg 300w, https:\/\/altorf2026.fr\/wp-content\/uploads\/2026\/02\/Altorf-Fleurs08.jpg 1600w\" sizes=\"auto, (max-width: 1024px) 100vw, 1024px\" \/><\/figure>\n\n\n\n<figure class=\"wp-block-image size-large\"><img loading=\"lazy\" decoding=\"async\" width=\"1024\" height=\"682\" data-id=\"7188\" src=\"https:\/\/altorf2026.fr\/wp-content\/uploads\/2026\/02\/Altorf-Fleurs03-1024x682.jpg\" alt=\"\" class=\"wp-image-7188\" srcset=\"https:\/\/altorf2026.fr\/wp-content\/uploads\/2026\/02\/Altorf-Fleurs03-1024x682.jpg 1024w, https:\/\/altorf2026.fr\/wp-content\/uploads\/2026\/02\/Altorf-Fleurs03-300x200.jpg 300w, https:\/\/altorf2026.fr\/wp-content\/uploads\/2026\/02\/Altorf-Fleurs03.jpg 1600w\" sizes=\"auto, (max-width: 1024px) 100vw, 1024px\" \/><\/figure>\n<\/figure>\n\n\n\n<div style=\"height:62px\" aria-hidden=\"true\" class=\"wp-block-spacer\"><\/div>\n\n\n\n<blockquote class=\"wp-block-quote is-layout-flow wp-block-quote-is-layout-flow\">\n<p class=\"has-text-align-center has-medium-font-size\"><strong>L\u2019objectif est d\u2019embellir Altorf tout en renfor\u00e7ant le lien social et interg\u00e9n\u00e9rationnel. <\/strong><br><strong>Nous voulons rendre notre village plus joli et agr\u00e9able pour ses habitants et gr\u00e2ce \u00e0 eux.<\/strong><\/p>\n<\/blockquote>\n\n\n\n<p><\/p>\n","protected":false},"excerpt":{"rendered":"<p>Beaucoup d\u2019habitants d\u00e9plorent un manque de dynamisme et de vitalit\u00e9, regrettant le manque de lien social.Nous voulons, pour vous, un&nbsp;village vivant, un&nbsp;village qui rassemble&nbsp;avec davantage de&nbsp;vie locale&nbsp;et&nbsp;de moments de convivialit\u00e9. NOUS CR\u00c9ERONS UN COMIT\u00c9 DES F\u00caTES ET D\u2019ANIMATIONS COMMUNAL PR\u00c9SID\u00c9 PAR UN ADJOINT, QUI PERMETTRA : DE LUTTER CONTRE L\u2019EXCLUSION ET FAVORISER LE LIEN. NOUS &hellip; <\/p>\n<p class=\"link-more\"><a href=\"https:\/\/altorf2026.fr\/?page_id=7027\" class=\"more-link\">Lire la suite de<span class=\"screen-reader-text\">\u00ab\u00a0ANIMATIONS\u00a0\u00bb<\/span><\/a><\/p>\n","protected":false},"author":1,"featured_media":0,"parent":0,"menu_order":0,"comment_status":"closed","ping_status":"closed","template":"","meta":{"footnotes":""},"class_list":["post-7027","page","type-page","status-publish","hentry"],"_links":{"self":[{"href":"https:\/\/altorf2026.fr\/index.php?rest_route=\/wp\/v2\/pages\/7027","targetHints":{"allow":["GET"]}}],"collection":[{"href":"https:\/\/altorf2026.fr\/index.php?rest_route=\/wp\/v2\/pages"}],"about":[{"href":"https:\/\/altorf2026.fr\/index.php?rest_route=\/wp\/v2\/types\/page"}],"author":[{"embeddable":true,"href":"https:\/\/altorf2026.fr\/index.php?rest_route=\/wp\/v2\/users\/1"}],"replies":[{"embeddable":true,"href":"https:\/\/altorf2026.fr\/index.php?rest_route=%2Fwp%2Fv2%2Fcomments&post=7027"}],"version-history":[{"count":13,"href":"https:\/\/altorf2026.fr\/index.php?rest_route=\/wp\/v2\/pages\/7027\/revisions"}],"predecessor-version":[{"id":7215,"href":"https:\/\/altorf2026.fr\/index.php?rest_route=\/wp\/v2\/pages\/7027\/revisions\/7215"}],"wp:attachment":[{"href":"https:\/\/altorf2026.fr\/index.php?rest_route=%2Fwp%2Fv2%2Fmedia&parent=7027"}],"curies":[{"name":"wp","href":"https:\/\/api.w.org\/{rel}","templated":true}]}}