{"id":7036,"date":"2026-01-30T17:00:15","date_gmt":"2026-01-30T16:00:15","guid":{"rendered":"http:\/\/altorf2026.fr\/?page_id=7036"},"modified":"2026-02-01T11:19:41","modified_gmt":"2026-02-01T10:19:41","slug":"mobilite-deplacement-transport","status":"publish","type":"page","link":"https:\/\/altorf2026.fr\/?page_id=7036","title":{"rendered":"MOBILIT\u00c9 &#8211; D\u00c9PLACEMENT &#8211; TRANSPORT"},"content":{"rendered":"\n<p><strong>Altorf est au c\u0153ur d\u2019un territoire dynamique, mais ne b\u00e9n\u00e9ficie pas de transport en commun. Pour acc\u00e9der aux commerces, gares, m\u00e9decins sp\u00e9cialistes, zone de loisirs, il est quasiment indispensable de poss\u00e9der une voiture, ce qui pose un probl\u00e8me aux jeunes, aux personnes n\u2019ayant pas de v\u00e9hicule ou ne pouvant plus conduire.<\/strong><\/p>\n\n\n\n<p><strong>Un plan g\u00e9n\u00e9ral coh\u00e9rent des mobilit\u00e9s sera \u00e9tabli pour permettre, \u00e0 moyen terme, une travers\u00e9e s\u00e9curis\u00e9e du village (cycliste, pi\u00e9tons, poussette, PMR).<\/strong><br>Ce plan int\u00e9grera \u00e9galement les am\u00e9nagements n\u00e9cessaires pour \u00ab casser \u00bb la vitesse des v\u00e9hicules dans certaines rues. Ils se feront en concertation avec les habitants \/riverains concern\u00e9s.<\/p>\n\n\n\n<div style=\"height:var(--wp--preset--spacing--x-small)\" aria-hidden=\"true\" class=\"wp-block-spacer\"><\/div>\n\n\n\n<h2 class=\"wp-block-heading\"><strong>PISTES CYCLABLES :<\/strong><\/h2>\n\n\n\n<p>Pour permettre une alternative \u00e0 la voiture, il est primordial de d\u00e9velopper un r\u00e9seau d\u2019itin\u00e9raires cyclables s\u00e9curis\u00e9s.<br>Malheureusement, malgr\u00e9 les engagements de 2020, aucun nouveau tron\u00e7on n\u2019a \u00e9t\u00e9 r\u00e9alis\u00e9 lors de ce mandat.<\/p>\n\n\n\n<div style=\"height:var(--wp--preset--spacing--x-small)\" aria-hidden=\"true\" class=\"wp-block-spacer\"><\/div>\n\n\n\n<p class=\"has-small-font-size\"><strong><mark style=\"background-color:rgba(0, 0, 0, 0)\" class=\"has-inline-color has-secondary-color\">Liaison Altorf \/ Molsheim<\/mark><\/strong><\/p>\n\n\n\n<div class=\"wp-block-media-text is-stacked-on-mobile\" style=\"grid-template-columns:27% auto\"><figure class=\"wp-block-media-text__media\"><img loading=\"lazy\" decoding=\"async\" width=\"1024\" height=\"768\" src=\"https:\/\/altorf2026.fr\/wp-content\/uploads\/2026\/01\/image-sans-eau-piste-cyclable-1024x768.jpg\" alt=\"\" class=\"wp-image-7160 size-full\" srcset=\"https:\/\/altorf2026.fr\/wp-content\/uploads\/2026\/01\/image-sans-eau-piste-cyclable-1024x768.jpg 1024w, https:\/\/altorf2026.fr\/wp-content\/uploads\/2026\/01\/image-sans-eau-piste-cyclable-300x225.jpg 300w, https:\/\/altorf2026.fr\/wp-content\/uploads\/2026\/01\/image-sans-eau-piste-cyclable.jpg 1600w\" sizes=\"auto, (max-width: 1024px) 100vw, 1024px\" \/><\/figure><div class=\"wp-block-media-text__content\">\n<p>La s\u00e9curisation de ce trajet est une priorit\u00e9.<br>Peut-on continuer \u00e0 laisser passer la piste cyclable devant l\u2019aire des gens du voyage et le rond-point non am\u00e9nag\u00e9 du contournement de Molsheim ?<br>P<strong>ourquoi ce projet n\u2019a-t-il jamais \u00e9t\u00e9 relanc\u00e9 ?<br><\/strong>L\u2019objectif est d\u2019acc\u00e9der \u00e0 Molsheim (coll\u00e8ges, lyc\u00e9es, centres com- merciaux, piscines, gare) par une route cyclable s\u00e9curis\u00e9e.<br>La s\u00e9curit\u00e9 de nos habitants impose d\u2019agir sans attendre.<br>Les solutions existent : Cet itin\u00e9raire cyclable devra passer sous le contournement au niveau du pont de la rivi\u00e8re (Comme pr\u00e9vu lors de la construction du contournement.)<\/p>\n<\/div><\/div>\n\n\n\n<figure class=\"wp-block-gallery has-nested-images columns-default is-cropped wp-block-gallery-1 is-layout-flex wp-block-gallery-is-layout-flex\">\n<figure class=\"wp-block-image size-large\"><img loading=\"lazy\" decoding=\"async\" width=\"1024\" height=\"768\" data-id=\"7151\" src=\"https:\/\/altorf2026.fr\/wp-content\/uploads\/2026\/01\/Passage-Piste-cyclable-vers-Mols.03-1024x768.jpg\" alt=\"\" class=\"wp-image-7151\" srcset=\"https:\/\/altorf2026.fr\/wp-content\/uploads\/2026\/01\/Passage-Piste-cyclable-vers-Mols.03-1024x768.jpg 1024w, https:\/\/altorf2026.fr\/wp-content\/uploads\/2026\/01\/Passage-Piste-cyclable-vers-Mols.03-300x225.jpg 300w, https:\/\/altorf2026.fr\/wp-content\/uploads\/2026\/01\/Passage-Piste-cyclable-vers-Mols.03.jpg 1600w\" sizes=\"auto, (max-width: 1024px) 100vw, 1024px\" \/><\/figure>\n\n\n\n<figure class=\"wp-block-image size-large\"><img loading=\"lazy\" decoding=\"async\" width=\"1024\" height=\"768\" data-id=\"7152\" src=\"https:\/\/altorf2026.fr\/wp-content\/uploads\/2026\/01\/Passage-Piste-cyclable-vers-Mols.04-1024x768.jpg\" alt=\"\" class=\"wp-image-7152\" srcset=\"https:\/\/altorf2026.fr\/wp-content\/uploads\/2026\/01\/Passage-Piste-cyclable-vers-Mols.04-1024x768.jpg 1024w, https:\/\/altorf2026.fr\/wp-content\/uploads\/2026\/01\/Passage-Piste-cyclable-vers-Mols.04-300x225.jpg 300w, https:\/\/altorf2026.fr\/wp-content\/uploads\/2026\/01\/Passage-Piste-cyclable-vers-Mols.04.jpg 1600w\" sizes=\"auto, (max-width: 1024px) 100vw, 1024px\" \/><\/figure>\n<\/figure>\n\n\n\n<div style=\"height:var(--wp--preset--spacing--small)\" aria-hidden=\"true\" class=\"wp-block-spacer\"><\/div>\n\n\n\n<p><strong><mark style=\"background-color:rgba(0, 0, 0, 0)\" class=\"has-inline-color has-secondary-color\">Liaison Burgweg \/ \u00c9cole<\/mark><\/strong><\/p>\n\n\n\n<div class=\"wp-block-group is-nowrap is-layout-flex wp-container-core-group-is-layout-6c531013 wp-block-group-is-layout-flex\">\n<div class=\"wp-block-media-text is-stacked-on-mobile\" style=\"grid-template-columns:28% auto\"><figure class=\"wp-block-media-text__media\"><img loading=\"lazy\" decoding=\"async\" width=\"600\" height=\"1024\" src=\"https:\/\/altorf2026.fr\/wp-content\/uploads\/2026\/02\/IMG_5141-600x1024.jpg\" alt=\"\" class=\"wp-image-7236 size-full\"\/><\/figure><div class=\"wp-block-media-text__content\">\n<p>Cette liaison attendue par les habitants du Burgweg n\u2019a pas vu le jour. La concertation et la transparence promises en 2020 pour r\u00e9aliser ce projet n\u2019ont pas eu lieu. L\u2019obstination de Monsieur le Maire \u00e0 faire passer cette piste cyclable par une zone inondable a paralys\u00e9 le projet.<br>Des solutions alternatives existent et seront propos\u00e9es pour r\u00e9aliser cette liaison.<\/p>\n<\/div><\/div>\n<\/div>\n\n\n\n<div style=\"height:var(--wp--preset--spacing--x-small)\" aria-hidden=\"true\" class=\"wp-block-spacer\"><\/div>\n\n\n\n<p><mark style=\"background-color:rgba(0, 0, 0, 0)\" class=\"has-inline-color has-secondary-color\"><strong>Jonction route de Strasbourg \/ entr\u00e9e Lotissement Burgweg<\/strong><\/mark><\/p>\n\n\n\n<div class=\"wp-block-group is-nowrap is-layout-flex wp-container-core-group-is-layout-6c531013 wp-block-group-is-layout-flex\">\n<div class=\"wp-block-media-text is-stacked-on-mobile\" style=\"grid-template-columns:28% auto\"><figure class=\"wp-block-media-text__media\"><img loading=\"lazy\" decoding=\"async\" width=\"1024\" height=\"768\" src=\"https:\/\/altorf2026.fr\/wp-content\/uploads\/2026\/01\/Liaison-trottoir-piste-cyclable-Rte-Strasbg05-1024x768.jpg\" alt=\"\" class=\"wp-image-7041 size-full\" srcset=\"https:\/\/altorf2026.fr\/wp-content\/uploads\/2026\/01\/Liaison-trottoir-piste-cyclable-Rte-Strasbg05-1024x768.jpg 1024w, https:\/\/altorf2026.fr\/wp-content\/uploads\/2026\/01\/Liaison-trottoir-piste-cyclable-Rte-Strasbg05-300x225.jpg 300w, https:\/\/altorf2026.fr\/wp-content\/uploads\/2026\/01\/Liaison-trottoir-piste-cyclable-Rte-Strasbg05.jpg 1600w\" sizes=\"auto, (max-width: 1024px) 100vw, 1024px\" \/><\/figure><div class=\"wp-block-media-text__content\">\n<p>R\u00e9aliser un acc\u00e8s direct s\u00e9curis\u00e9 \u00e0 la Route de Strasbourg depuis la piste cyclable qui vient de Dorlisheim.<\/p>\n<\/div><\/div>\n<\/div>\n\n\n\n<figure class=\"wp-block-gallery has-nested-images columns-default is-cropped wp-block-gallery-2 is-layout-flex wp-block-gallery-is-layout-flex\">\n<figure class=\"wp-block-image size-large\"><img loading=\"lazy\" decoding=\"async\" width=\"1024\" height=\"768\" data-id=\"7135\" src=\"https:\/\/altorf2026.fr\/wp-content\/uploads\/2026\/01\/Liaison-trottoir-piste-cyclable-Rte-Strasbg04-1024x768.jpg\" alt=\"\" class=\"wp-image-7135\" srcset=\"https:\/\/altorf2026.fr\/wp-content\/uploads\/2026\/01\/Liaison-trottoir-piste-cyclable-Rte-Strasbg04-1024x768.jpg 1024w, https:\/\/altorf2026.fr\/wp-content\/uploads\/2026\/01\/Liaison-trottoir-piste-cyclable-Rte-Strasbg04-300x225.jpg 300w, https:\/\/altorf2026.fr\/wp-content\/uploads\/2026\/01\/Liaison-trottoir-piste-cyclable-Rte-Strasbg04.jpg 1600w\" sizes=\"auto, (max-width: 1024px) 100vw, 1024px\" \/><\/figure>\n\n\n\n<figure class=\"wp-block-image size-large\"><img loading=\"lazy\" decoding=\"async\" width=\"1024\" height=\"768\" data-id=\"7137\" src=\"https:\/\/altorf2026.fr\/wp-content\/uploads\/2026\/01\/Liaison-trottoir-piste-cyclable-Rte-Strasbg02-1024x768.jpg\" alt=\"\" class=\"wp-image-7137\" srcset=\"https:\/\/altorf2026.fr\/wp-content\/uploads\/2026\/01\/Liaison-trottoir-piste-cyclable-Rte-Strasbg02-1024x768.jpg 1024w, https:\/\/altorf2026.fr\/wp-content\/uploads\/2026\/01\/Liaison-trottoir-piste-cyclable-Rte-Strasbg02-300x225.jpg 300w, https:\/\/altorf2026.fr\/wp-content\/uploads\/2026\/01\/Liaison-trottoir-piste-cyclable-Rte-Strasbg02.jpg 1600w\" sizes=\"auto, (max-width: 1024px) 100vw, 1024px\" \/><\/figure>\n\n\n\n<figure class=\"wp-block-image size-large\"><img loading=\"lazy\" decoding=\"async\" width=\"768\" height=\"1024\" data-id=\"7139\" src=\"https:\/\/altorf2026.fr\/wp-content\/uploads\/2026\/01\/Liaison-trottoir-piste-cyclable-Rte-Strasbg06-768x1024.jpg\" alt=\"\" class=\"wp-image-7139\" srcset=\"https:\/\/altorf2026.fr\/wp-content\/uploads\/2026\/01\/Liaison-trottoir-piste-cyclable-Rte-Strasbg06-768x1024.jpg 768w, https:\/\/altorf2026.fr\/wp-content\/uploads\/2026\/01\/Liaison-trottoir-piste-cyclable-Rte-Strasbg06-225x300.jpg 225w, https:\/\/altorf2026.fr\/wp-content\/uploads\/2026\/01\/Liaison-trottoir-piste-cyclable-Rte-Strasbg06.jpg 1200w\" sizes=\"auto, (max-width: 768px) 100vw, 768px\" \/><\/figure>\n<\/figure>\n\n\n\n<div style=\"height:var(--wp--preset--spacing--x-small)\" aria-hidden=\"true\" class=\"wp-block-spacer\"><\/div>\n\n\n\n<div style=\"height:var(--wp--preset--spacing--x-small)\" aria-hidden=\"true\" class=\"wp-block-spacer\"><\/div>\n\n\n\n<h2 class=\"wp-block-heading\"><strong>TRANSPORT \u00c0 LA DEMANDE :<\/strong><\/h2>\n\n\n\n<p>Ce service, propos\u00e9 par la Communaut\u00e9 de Commune, a \u00e9t\u00e9 relanc\u00e9 en septembre 2025.<br>Si nous nous r\u00e9jouissons de cette offre pour nos concitoyens, ce service m\u00e9rite d\u2019\u00eatre mieux connu de nos habitants. Nous veil- lerons \u00e0 am\u00e9liorer son fonctionnement mais surtout, nous nous engageons \u00e0 mieux communiquer sur les possibilit\u00e9s qu\u2019offre le transport \u00e0 la demande.<\/p>\n\n\n\n<div style=\"height:var(--wp--preset--spacing--x-small)\" aria-hidden=\"true\" class=\"wp-block-spacer\"><\/div>\n\n\n\n<h2 class=\"wp-block-heading\"><strong>INT\u00c9GRER ALTORF AU R\u00c9SEAU CTBR :<\/strong><\/h2>\n\n\n\n<p>Altorf ne b\u00e9n\u00e9ficie d\u2019aucun transport en commun contraire- ment aux communes avoisinantes (\u00e0 part Griesheim) qui ont, soit une gare SNCF, soit une desserte par le r\u00e9seau des bus du Bas-Rhin.<\/p>\n\n\n\n<p><strong>En concertation avec d\u2019autres communes&nbsp;<\/strong>nous allons faire le maximum pour int\u00e9grer Altorf au r\u00e9seau de la CTBR.<\/p>\n\n\n\n<figure class=\"wp-block-image size-large is-resized\"><img loading=\"lazy\" decoding=\"async\" width=\"799\" height=\"1024\" src=\"https:\/\/altorf2026.fr\/wp-content\/uploads\/2026\/01\/Plan-reseau-actuel-du-CTBR67-e1769779671855-799x1024.jpg\" alt=\"\" class=\"wp-image-7088\" style=\"aspect-ratio:0.749025675628512;width:1010px;height:auto\" srcset=\"https:\/\/altorf2026.fr\/wp-content\/uploads\/2026\/01\/Plan-reseau-actuel-du-CTBR67-e1769779671855-799x1024.jpg 799w, https:\/\/altorf2026.fr\/wp-content\/uploads\/2026\/01\/Plan-reseau-actuel-du-CTBR67-e1769779671855-234x300.jpg 234w, https:\/\/altorf2026.fr\/wp-content\/uploads\/2026\/01\/Plan-reseau-actuel-du-CTBR67-e1769779671855-768x984.jpg 768w, https:\/\/altorf2026.fr\/wp-content\/uploads\/2026\/01\/Plan-reseau-actuel-du-CTBR67-e1769779671855-600x769.jpg 600w, https:\/\/altorf2026.fr\/wp-content\/uploads\/2026\/01\/Plan-reseau-actuel-du-CTBR67-e1769779671855.jpg 1199w\" sizes=\"auto, (max-width: 799px) 100vw, 799px\" \/><\/figure>\n\n\n\n<p><a href=\"https:\/\/services.fluo.grandest.fr\/fr\/proximity\">Cliquer ici pour en savoir plus<\/a><\/p>\n\n\n\n<p><\/p>\n","protected":false},"excerpt":{"rendered":"<p>Altorf est au c\u0153ur d\u2019un territoire dynamique, mais ne b\u00e9n\u00e9ficie pas de transport en commun. Pour acc\u00e9der aux commerces, gares, m\u00e9decins sp\u00e9cialistes, zone de loisirs, il est quasiment indispensable de poss\u00e9der une voiture, ce qui pose un probl\u00e8me aux jeunes, aux personnes n\u2019ayant pas de v\u00e9hicule ou ne pouvant plus conduire. Un plan g\u00e9n\u00e9ral coh\u00e9rent &hellip; <\/p>\n<p class=\"link-more\"><a href=\"https:\/\/altorf2026.fr\/?page_id=7036\" class=\"more-link\">Lire la suite de<span class=\"screen-reader-text\">\u00ab\u00a0MOBILIT\u00c9 &#8211; D\u00c9PLACEMENT &#8211; TRANSPORT\u00a0\u00bb<\/span><\/a><\/p>\n","protected":false},"author":1,"featured_media":0,"parent":0,"menu_order":0,"comment_status":"closed","ping_status":"closed","template":"","meta":{"footnotes":""},"class_list":["post-7036","page","type-page","status-publish","hentry"],"_links":{"self":[{"href":"https:\/\/altorf2026.fr\/index.php?rest_route=\/wp\/v2\/pages\/7036","targetHints":{"allow":["GET"]}}],"collection":[{"href":"https:\/\/altorf2026.fr\/index.php?rest_route=\/wp\/v2\/pages"}],"about":[{"href":"https:\/\/altorf2026.fr\/index.php?rest_route=\/wp\/v2\/types\/page"}],"author":[{"embeddable":true,"href":"https:\/\/altorf2026.fr\/index.php?rest_route=\/wp\/v2\/users\/1"}],"replies":[{"embeddable":true,"href":"https:\/\/altorf2026.fr\/index.php?rest_route=%2Fwp%2Fv2%2Fcomments&post=7036"}],"version-history":[{"count":14,"href":"https:\/\/altorf2026.fr\/index.php?rest_route=\/wp\/v2\/pages\/7036\/revisions"}],"predecessor-version":[{"id":7238,"href":"https:\/\/altorf2026.fr\/index.php?rest_route=\/wp\/v2\/pages\/7036\/revisions\/7238"}],"wp:attachment":[{"href":"https:\/\/altorf2026.fr\/index.php?rest_route=%2Fwp%2Fv2%2Fmedia&parent=7036"}],"curies":[{"name":"wp","href":"https:\/\/api.w.org\/{rel}","templated":true}]}}