{"id":7045,"date":"2026-01-30T16:59:47","date_gmt":"2026-01-30T15:59:47","guid":{"rendered":"http:\/\/altorf2026.fr\/?page_id=7045"},"modified":"2026-02-01T10:54:10","modified_gmt":"2026-02-01T09:54:10","slug":"environnement","status":"publish","type":"page","link":"https:\/\/altorf2026.fr\/?page_id=7045","title":{"rendered":"ENVIRONNEMENT"},"content":{"rendered":"\n<div style=\"height:var(--wp--preset--spacing--x-small)\" aria-hidden=\"true\" class=\"wp-block-spacer\"><\/div>\n\n\n\n<p><strong>Nous avons la chance d\u2019habiter un territoire riche de son patrimoine \u00e9cologique (for\u00eat, rivi\u00e8re, prairies&#8230;). Nous avons&nbsp;<\/strong>le devoir&nbsp;<strong>de pr\u00e9server cette biodiversit\u00e9, dans une approche p\u00e9dagogique et responsable.<br>Nos actions seront men\u00e9es en&nbsp;<\/strong>concertation&nbsp;<strong>avec les habitants, les acteurs de la vie locale ainsi que le monde agricole.<\/strong><\/p>\n\n\n\n<div style=\"height:var(--wp--preset--spacing--x-small)\" aria-hidden=\"true\" class=\"wp-block-spacer\"><\/div>\n\n\n\n<h2 class=\"wp-block-heading\" style=\"text-transform:none\">Plan for\u00eat 2050 :<\/h2>\n\n\n\n<div class=\"wp-block-media-text is-stacked-on-mobile is-image-fill-element\" style=\"grid-template-columns:22% auto\"><figure class=\"wp-block-media-text__media\"><img loading=\"lazy\" decoding=\"async\" width=\"1024\" height=\"846\" src=\"https:\/\/altorf2026.fr\/wp-content\/uploads\/2026\/01\/Foret01-scaled-e1769764080731-1024x846.jpg\" alt=\"\" class=\"wp-image-7046 size-full\" style=\"object-position:50% 50%\" srcset=\"https:\/\/altorf2026.fr\/wp-content\/uploads\/2026\/01\/Foret01-scaled-e1769764080731-1024x846.jpg 1024w, https:\/\/altorf2026.fr\/wp-content\/uploads\/2026\/01\/Foret01-scaled-e1769764080731-300x248.jpg 300w, https:\/\/altorf2026.fr\/wp-content\/uploads\/2026\/01\/Foret01-scaled-e1769764080731-768x635.jpg 768w, https:\/\/altorf2026.fr\/wp-content\/uploads\/2026\/01\/Foret01-scaled-e1769764080731-600x496.jpg 600w, https:\/\/altorf2026.fr\/wp-content\/uploads\/2026\/01\/Foret01-scaled-e1769764080731-1200x992.jpg 1200w, https:\/\/altorf2026.fr\/wp-content\/uploads\/2026\/01\/Foret01-scaled-e1769764080731.jpg 1440w\" sizes=\"auto, (max-width: 1024px) 100vw, 1024px\" \/><\/figure><div class=\"wp-block-media-text__content\">\n<ul class=\"wp-block-list\">\n<li><strong>Altorf poss\u00e8de une magnifique for\u00eat, en partie communale. C\u2019est un formidable patrimoine, un poumon d\u2019oxyg\u00e8ne, riche en biodiversit\u00e9<\/strong> mais ce patrimoine forestier est en danger. (Temp\u00eate de 1999, s\u00e9cheresses successives, nombreuses maladies). En partenariat avec l\u2019ONF et l\u2019\u00e9cole, nous mettrons en place un \u00ab plan for\u00eat 2050 \u00bb pour transmettre aux g\u00e9n\u00e9rations futures une for\u00eat r\u00e9g\u00e9n\u00e9r\u00e9e et adapt\u00e9e au changement climatique.<\/li>\n<\/ul>\n<\/div><\/div>\n\n\n\n<div class=\"wp-block-media-text is-stacked-on-mobile\" style=\"grid-template-columns:22% auto\"><figure class=\"wp-block-media-text__media\"><img loading=\"lazy\" decoding=\"async\" width=\"1024\" height=\"683\" src=\"https:\/\/altorf2026.fr\/wp-content\/uploads\/2026\/01\/haie-duttvf-1024x683.jpg\" alt=\"\" class=\"wp-image-7048 size-full\" srcset=\"https:\/\/altorf2026.fr\/wp-content\/uploads\/2026\/01\/haie-duttvf-1024x683.jpg 1024w, https:\/\/altorf2026.fr\/wp-content\/uploads\/2026\/01\/haie-duttvf-300x200.jpg 300w, https:\/\/altorf2026.fr\/wp-content\/uploads\/2026\/01\/haie-duttvf-2000x1333.jpg 2000w\" sizes=\"auto, (max-width: 1024px) 100vw, 1024px\" \/><\/figure><div class=\"wp-block-media-text__content\">\n<ul class=\"wp-block-list\">\n<li><strong>Nous d\u00e9velopperons des plantations de haies choisies avec soin<\/strong> et implant\u00e9es en concertation avec la communaut\u00e9 de Communes qui g\u00e8re le projet Trame verte et Bleue, ainsi qu\u2019en partenariat avec l\u2019association Haies vives d\u2019Alsace.<\/li>\n\n\n\n<li>Nous regrettons que par manque de concertation et de r\u00e9flexion, certaines plantations de haies effectu\u00e9es ces derni\u00e8res ann\u00e9es par les enfants et les b\u00e9n\u00e9voles aient \u00e9t\u00e9 malheureusement ins- tall\u00e9es en d\u00e9pit du bon sens.<\/li>\n<\/ul>\n<\/div><\/div>\n\n\n\n<div class=\"wp-block-media-text is-stacked-on-mobile\" style=\"grid-template-columns:22% auto\"><figure class=\"wp-block-media-text__media\"><img loading=\"lazy\" decoding=\"async\" width=\"1024\" height=\"768\" src=\"https:\/\/altorf2026.fr\/wp-content\/uploads\/2026\/01\/Saule-tetard02-1024x768.jpg\" alt=\"\" class=\"wp-image-7050 size-full\" srcset=\"https:\/\/altorf2026.fr\/wp-content\/uploads\/2026\/01\/Saule-tetard02-1024x768.jpg 1024w, https:\/\/altorf2026.fr\/wp-content\/uploads\/2026\/01\/Saule-tetard02-300x225.jpg 300w, https:\/\/altorf2026.fr\/wp-content\/uploads\/2026\/01\/Saule-tetard02.jpg 1600w\" sizes=\"auto, (max-width: 1024px) 100vw, 1024px\" \/><\/figure><div class=\"wp-block-media-text__content\">\n<ul class=\"wp-block-list\">\n<li><strong>Afin de mieux sensibiliser les habitants \u00e0 notre patrimoine environnemental et \u00e0 sa biodiversit\u00e9<\/strong>, nous cr\u00e9erons en liaison avec l\u2019\u00e9cole,&nbsp;<strong>un parcours p\u00e9dagogique sur les \u00e9cosyst\u00e8mes,&nbsp;<\/strong>illustr\u00e9 par des panneaux descriptifs avec mise en place de nichoirs \u00e0 oiseaux : exemple de \u00ab la promenade Hansi \u00bb \u00e0 Duttlenheim. Nous veillerons \u00e0 pr\u00e9server les arbres remarquables (ch\u00eanes, saules t\u00eatards, &#8230;).<\/li>\n<\/ul>\n<\/div><\/div>\n\n\n\n<div class=\"wp-block-media-text is-stacked-on-mobile\" style=\"grid-template-columns:22% auto\"><figure class=\"wp-block-media-text__media\"><img loading=\"lazy\" decoding=\"async\" width=\"1024\" height=\"768\" src=\"https:\/\/altorf2026.fr\/wp-content\/uploads\/2026\/01\/Brise-vue02avec-arbres-1024x768.jpg\" alt=\"\" class=\"wp-image-7049 size-full\" srcset=\"https:\/\/altorf2026.fr\/wp-content\/uploads\/2026\/01\/Brise-vue02avec-arbres-1024x768.jpg 1024w, https:\/\/altorf2026.fr\/wp-content\/uploads\/2026\/01\/Brise-vue02avec-arbres-300x225.jpg 300w, https:\/\/altorf2026.fr\/wp-content\/uploads\/2026\/01\/Brise-vue02avec-arbres-2000x1500.jpg 2000w\" sizes=\"auto, (max-width: 1024px) 100vw, 1024px\" \/><\/figure><div class=\"wp-block-media-text__content\">\n<ul class=\"wp-block-list\">\n<li>Nous avons la volont\u00e9 de cr\u00e9er\u00a0<strong>une barri\u00e8re v\u00e9g\u00e9tale<\/strong>\u00a0\u00abbrise vue\u00bb entre l\u2019arri\u00e8re du lotissement les tilleuls et la zone industrielle de Molsheim.<\/li>\n<\/ul>\n<\/div><\/div>\n\n\n\n<div class=\"wp-block-media-text is-stacked-on-mobile\" style=\"grid-template-columns:22% auto\"><figure class=\"wp-block-media-text__media\"><img loading=\"lazy\" decoding=\"async\" width=\"1024\" height=\"856\" src=\"https:\/\/altorf2026.fr\/wp-content\/uploads\/2026\/01\/Etat-vannes-pour-repartit.-eau-pour-alimenter-etang-02-e1769764727133-1024x856.jpg\" alt=\"\" class=\"wp-image-7051 size-full\" srcset=\"https:\/\/altorf2026.fr\/wp-content\/uploads\/2026\/01\/Etat-vannes-pour-repartit.-eau-pour-alimenter-etang-02-e1769764727133-1024x856.jpg 1024w, https:\/\/altorf2026.fr\/wp-content\/uploads\/2026\/01\/Etat-vannes-pour-repartit.-eau-pour-alimenter-etang-02-e1769764727133-300x251.jpg 300w, https:\/\/altorf2026.fr\/wp-content\/uploads\/2026\/01\/Etat-vannes-pour-repartit.-eau-pour-alimenter-etang-02-e1769764727133-768x642.jpg 768w, https:\/\/altorf2026.fr\/wp-content\/uploads\/2026\/01\/Etat-vannes-pour-repartit.-eau-pour-alimenter-etang-02-e1769764727133-600x502.jpg 600w, https:\/\/altorf2026.fr\/wp-content\/uploads\/2026\/01\/Etat-vannes-pour-repartit.-eau-pour-alimenter-etang-02-e1769764727133.jpg 1200w\" sizes=\"auto, (max-width: 1024px) 100vw, 1024px\" \/><\/figure><div class=\"wp-block-media-text__content\">\n<ul class=\"wp-block-list\">\n<li><strong>Gestion de l\u2019eau de la rivi\u00e8re et de l\u2019alimentation de l\u2019\u00e9tang :<\/strong> Par d\u00e9faut d\u2019entretien et de r\u00e9paration, les ouvrages actuels de r\u00e9partition et d\u2019alimentation d\u2019eau de l\u2019\u00e9tang depuis la rivi\u00e8re, ne sont plus en \u00e9tat de fonctionner. Il est imp\u00e9ratif de rem\u00e9dier \u00e0 cet \u00e9tat de fait.<\/li>\n\n\n\n<li><strong>R\u00e9cup\u00e9ration des eaux de pluie des b\u00e2timents communaux&nbsp;<\/strong>dans l\u2019objectif d\u2019\u00e9conomiser l\u2019eau potable. Il s\u2019agit d\u2019une promesse non tenue faite en 2020.<\/li>\n\n\n\n<li><strong>Entretien des foss\u00e9s :&nbsp;<\/strong>les foss\u00e9s structurants devront \u00eatre cur\u00e9s et entretenus en concertation avec l\u2019association fonci\u00e8re.<\/li>\n<\/ul>\n<\/div><\/div>\n\n\n\n<p><\/p>\n","protected":false},"excerpt":{"rendered":"<p>Nous avons la chance d\u2019habiter un territoire riche de son patrimoine \u00e9cologique (for\u00eat, rivi\u00e8re, prairies&#8230;). Nous avons&nbsp;le devoir&nbsp;de pr\u00e9server cette biodiversit\u00e9, dans une approche p\u00e9dagogique et responsable.Nos actions seront men\u00e9es en&nbsp;concertation&nbsp;avec les habitants, les acteurs de la vie locale ainsi que le monde agricole. Plan for\u00eat 2050 :<\/p>\n","protected":false},"author":1,"featured_media":0,"parent":0,"menu_order":0,"comment_status":"closed","ping_status":"closed","template":"","meta":{"footnotes":""},"class_list":["post-7045","page","type-page","status-publish","hentry"],"_links":{"self":[{"href":"https:\/\/altorf2026.fr\/index.php?rest_route=\/wp\/v2\/pages\/7045","targetHints":{"allow":["GET"]}}],"collection":[{"href":"https:\/\/altorf2026.fr\/index.php?rest_route=\/wp\/v2\/pages"}],"about":[{"href":"https:\/\/altorf2026.fr\/index.php?rest_route=\/wp\/v2\/types\/page"}],"author":[{"embeddable":true,"href":"https:\/\/altorf2026.fr\/index.php?rest_route=\/wp\/v2\/users\/1"}],"replies":[{"embeddable":true,"href":"https:\/\/altorf2026.fr\/index.php?rest_route=%2Fwp%2Fv2%2Fcomments&post=7045"}],"version-history":[{"count":10,"href":"https:\/\/altorf2026.fr\/index.php?rest_route=\/wp\/v2\/pages\/7045\/revisions"}],"predecessor-version":[{"id":7219,"href":"https:\/\/altorf2026.fr\/index.php?rest_route=\/wp\/v2\/pages\/7045\/revisions\/7219"}],"wp:attachment":[{"href":"https:\/\/altorf2026.fr\/index.php?rest_route=%2Fwp%2Fv2%2Fmedia&parent=7045"}],"curies":[{"name":"wp","href":"https:\/\/api.w.org\/{rel}","templated":true}]}}