{"id":7054,"date":"2026-01-30T16:58:22","date_gmt":"2026-01-30T15:58:22","guid":{"rendered":"http:\/\/altorf2026.fr\/?page_id=7054"},"modified":"2026-02-01T11:01:33","modified_gmt":"2026-02-01T10:01:33","slug":"patrimoine","status":"publish","type":"page","link":"https:\/\/altorf2026.fr\/?page_id=7054","title":{"rendered":"PATRIMOINE"},"content":{"rendered":"\n<div style=\"height:0\" aria-hidden=\"true\" class=\"wp-block-spacer\"><\/div>\n\n\n\n<h2 class=\"wp-block-heading\">R\u00c9AM\u00c9NAGEMENT DE LA D\u00ceME<\/h2>\n\n\n\n<div class=\"wp-block-media-text is-stacked-on-mobile\" style=\"grid-template-columns:25% auto\"><figure class=\"wp-block-media-text__media\"><img loading=\"lazy\" decoding=\"async\" width=\"1024\" height=\"685\" src=\"https:\/\/altorf2026.fr\/wp-content\/uploads\/2026\/01\/grange-de-la-dime-scaled-e1769765051519-1024x685.jpg\" alt=\"\" class=\"wp-image-7055 size-full\"\/><\/figure><div class=\"wp-block-media-text__content\">\n<p>Mettre le b\u00e2timent aux normes (isolation, acc\u00e8s handicap\u00e9s, &#8230;) pour le transformer en Maison des Associations. La D\u00eeme est actuellement une passoire thermique et donc un gouffre financier en consommation \u00e9nerg\u00e9tique. L\u2019objectif est de rendre la D\u00eeme plus fonctionnelle afin qu\u2019elle devienne un lieu de rencontres, d\u2019activit\u00e9s et de partage entre g\u00e9n\u00e9rations (\u00c9checs, Chorale, club de l\u2019ami- ti\u00e9, ateliers \u00e0 th\u00e8me, cours de musique, etc.)<\/p>\n\n\n\n<p><strong>La D\u00eeme n\u2019aura en aucun cas vocation \u00e0 devenir une salle des f\u00eates. (Pas de nuisance sonore)<\/strong><\/p>\n<\/div><\/div>\n\n\n\n<div style=\"height:var(--wp--preset--spacing--x-small)\" aria-hidden=\"true\" class=\"wp-block-spacer\"><\/div>\n\n\n\n<h2 class=\"wp-block-heading\">LA POURSUITE DE LA R\u00c9NOVATION DE L\u2019\u00c9GLISE<\/h2>\n\n\n\n<div class=\"wp-block-media-text is-stacked-on-mobile\" style=\"grid-template-columns:25% auto\"><figure class=\"wp-block-media-text__media\"><img loading=\"lazy\" decoding=\"async\" width=\"1004\" height=\"1024\" src=\"https:\/\/altorf2026.fr\/wp-content\/uploads\/2026\/01\/eglise09-1004x1024.jpg\" alt=\"\" class=\"wp-image-7057 size-full\" srcset=\"https:\/\/altorf2026.fr\/wp-content\/uploads\/2026\/01\/eglise09-1004x1024.jpg 1004w, https:\/\/altorf2026.fr\/wp-content\/uploads\/2026\/01\/eglise09-294x300.jpg 294w, https:\/\/altorf2026.fr\/wp-content\/uploads\/2026\/01\/eglise09-2000x2040.jpg 2000w\" sizes=\"auto, (max-width: 1004px) 100vw, 1004px\" \/><\/figure><div class=\"wp-block-media-text__content\">\n<p>Le chantier de la restauration de l\u2019\u00e9glise est une priorit\u00e9, mais il doit se poursuivre dans un cadre clair, rigoureux et efficace. Pour r\u00e9ussir, ce chantier doit d\u00e9sormais \u00eatre :<\/p>\n\n\n\n<ul class=\"wp-block-list\">\n<li>R\u00e9ellement pilot\u00e9 par le maire et une \u00e9quipe d\u2019adjoints pleinement engag\u00e9e, afin de garantir une conduite coh\u00e9rente et efficace du projet,<\/li>\n\n\n\n<li>Men\u00e9 avec une transparence accrue,<\/li>\n\n\n\n<li>Financi\u00e8rement s\u00e9curis\u00e9 sur le long terme.<\/li>\n<\/ul>\n\n\n\n<p>Les absences r\u00e9p\u00e9t\u00e9es de Monsieur le Maire \u00e0 de nombreuses r\u00e9unions ainsi que le manque de coordination au sein de l\u2019\u00e9quipe municipale actuelle ont fortement perturb\u00e9 la progression et la coh\u00e9sion du chantier de r\u00e9novation.<br>Ce chantier complexe a repos\u00e9, pendant toute la dur\u00e9e de son avancement, sur l\u2019engagement constant de l\u2019adjointe Laurence Hommel, en charge du dossier. Elle a port\u00e9 seule ce projet, sans appui, en travaillant \u00e9troitement avec l\u2019assistance \u00e0 ma\u00eetrise d\u2019ouvrage ainsi qu\u2019avec le secr\u00e9tariat de la mairie. Elle s\u2019est pleinement investie pour assurer le suivi du chantier, rechercher des subventions, solliciter des partenaires institutionnels et trouver des m\u00e9c\u00e8nes afin de garantir la faisabilit\u00e9 financi\u00e8re de la restauration.<\/p>\n<\/div><\/div>\n\n\n\n<figure class=\"wp-block-gallery has-nested-images columns-4 is-cropped wp-block-gallery-1 is-layout-flex wp-block-gallery-is-layout-flex\">\n<figure class=\"wp-block-image size-large\"><img loading=\"lazy\" decoding=\"async\" width=\"811\" height=\"1024\" data-id=\"7091\" src=\"https:\/\/altorf2026.fr\/wp-content\/uploads\/2026\/01\/eglise03-scaled-e1769939319761-811x1024.jpg\" alt=\"\" class=\"wp-image-7091\" srcset=\"https:\/\/altorf2026.fr\/wp-content\/uploads\/2026\/01\/eglise03-scaled-e1769939319761-811x1024.jpg 811w, https:\/\/altorf2026.fr\/wp-content\/uploads\/2026\/01\/eglise03-scaled-e1769939319761-238x300.jpg 238w, https:\/\/altorf2026.fr\/wp-content\/uploads\/2026\/01\/eglise03-scaled-e1769939319761-768x969.jpg 768w, https:\/\/altorf2026.fr\/wp-content\/uploads\/2026\/01\/eglise03-scaled-e1769939319761-1217x1536.jpg 1217w, https:\/\/altorf2026.fr\/wp-content\/uploads\/2026\/01\/eglise03-scaled-e1769939319761-1623x2048.jpg 1623w, https:\/\/altorf2026.fr\/wp-content\/uploads\/2026\/01\/eglise03-scaled-e1769939319761-600x757.jpg 600w, https:\/\/altorf2026.fr\/wp-content\/uploads\/2026\/01\/eglise03-scaled-e1769939319761-1200x1514.jpg 1200w, https:\/\/altorf2026.fr\/wp-content\/uploads\/2026\/01\/eglise03-scaled-e1769939319761.jpg 1920w\" sizes=\"auto, (max-width: 811px) 100vw, 811px\" \/><\/figure>\n\n\n\n<figure class=\"wp-block-image size-large\"><img loading=\"lazy\" decoding=\"async\" width=\"576\" height=\"1024\" data-id=\"7092\" src=\"https:\/\/altorf2026.fr\/wp-content\/uploads\/2026\/01\/eglise05-576x1024.jpg\" alt=\"\" class=\"wp-image-7092\" srcset=\"https:\/\/altorf2026.fr\/wp-content\/uploads\/2026\/01\/eglise05-576x1024.jpg 576w, https:\/\/altorf2026.fr\/wp-content\/uploads\/2026\/01\/eglise05-169x300.jpg 169w, https:\/\/altorf2026.fr\/wp-content\/uploads\/2026\/01\/eglise05-2000x3556.jpg 2000w, https:\/\/altorf2026.fr\/wp-content\/uploads\/2026\/01\/eglise05-scaled.jpg 1440w\" sizes=\"auto, (max-width: 576px) 100vw, 576px\" \/><\/figure>\n\n\n\n<figure class=\"wp-block-image size-large\"><img loading=\"lazy\" decoding=\"async\" width=\"576\" height=\"1024\" data-id=\"7093\" src=\"https:\/\/altorf2026.fr\/wp-content\/uploads\/2026\/01\/eglise06-576x1024.jpg\" alt=\"\" class=\"wp-image-7093\" srcset=\"https:\/\/altorf2026.fr\/wp-content\/uploads\/2026\/01\/eglise06-576x1024.jpg 576w, https:\/\/altorf2026.fr\/wp-content\/uploads\/2026\/01\/eglise06-169x300.jpg 169w, https:\/\/altorf2026.fr\/wp-content\/uploads\/2026\/01\/eglise06-2000x3556.jpg 2000w, https:\/\/altorf2026.fr\/wp-content\/uploads\/2026\/01\/eglise06-scaled.jpg 1440w\" sizes=\"auto, (max-width: 576px) 100vw, 576px\" \/><\/figure>\n\n\n\n<figure class=\"wp-block-image size-large\"><img loading=\"lazy\" decoding=\"async\" width=\"768\" height=\"1024\" data-id=\"7094\" src=\"https:\/\/altorf2026.fr\/wp-content\/uploads\/2026\/01\/eglise010-768x1024.jpg\" alt=\"\" class=\"wp-image-7094\" srcset=\"https:\/\/altorf2026.fr\/wp-content\/uploads\/2026\/01\/eglise010-768x1024.jpg 768w, https:\/\/altorf2026.fr\/wp-content\/uploads\/2026\/01\/eglise010-225x300.jpg 225w, https:\/\/altorf2026.fr\/wp-content\/uploads\/2026\/01\/eglise010-2000x2667.jpg 2000w, https:\/\/altorf2026.fr\/wp-content\/uploads\/2026\/01\/eglise010-scaled.jpg 1920w\" sizes=\"auto, (max-width: 768px) 100vw, 768px\" \/><\/figure>\n<\/figure>\n\n\n\n<p>Nous relancerons activement les d\u00e9marches aupr\u00e8s des financeurs, partenaires publics et priv\u00e9s pour nous aider dans cette restauration.<br>Nous communiquerons un calendrier r\u00e9aliste avec l\u2019objectif d\u2019une r\u00e9ouverture rapide. Nous veillerons \u00e0 ce que la population b\u00e9n\u00e9ficie d\u2019une information r\u00e9guli\u00e8re et lisible.<\/p>\n\n\n\n<p><\/p>\n","protected":false},"excerpt":{"rendered":"<p>R\u00c9AM\u00c9NAGEMENT DE LA D\u00ceME Mettre le b\u00e2timent aux normes (isolation, acc\u00e8s handicap\u00e9s, &#8230;) pour le transformer en Maison des Associations. La D\u00eeme est actuellement une passoire thermique et donc un gouffre financier en consommation \u00e9nerg\u00e9tique. L\u2019objectif est de rendre la D\u00eeme plus fonctionnelle afin qu\u2019elle devienne un lieu de rencontres, d\u2019activit\u00e9s et de partage entre &hellip; <\/p>\n<p class=\"link-more\"><a href=\"https:\/\/altorf2026.fr\/?page_id=7054\" class=\"more-link\">Lire la suite de<span class=\"screen-reader-text\">\u00ab\u00a0PATRIMOINE\u00a0\u00bb<\/span><\/a><\/p>\n","protected":false},"author":1,"featured_media":0,"parent":0,"menu_order":0,"comment_status":"closed","ping_status":"closed","template":"","meta":{"footnotes":""},"class_list":["post-7054","page","type-page","status-publish","hentry"],"_links":{"self":[{"href":"https:\/\/altorf2026.fr\/index.php?rest_route=\/wp\/v2\/pages\/7054","targetHints":{"allow":["GET"]}}],"collection":[{"href":"https:\/\/altorf2026.fr\/index.php?rest_route=\/wp\/v2\/pages"}],"about":[{"href":"https:\/\/altorf2026.fr\/index.php?rest_route=\/wp\/v2\/types\/page"}],"author":[{"embeddable":true,"href":"https:\/\/altorf2026.fr\/index.php?rest_route=\/wp\/v2\/users\/1"}],"replies":[{"embeddable":true,"href":"https:\/\/altorf2026.fr\/index.php?rest_route=%2Fwp%2Fv2%2Fcomments&post=7054"}],"version-history":[{"count":9,"href":"https:\/\/altorf2026.fr\/index.php?rest_route=\/wp\/v2\/pages\/7054\/revisions"}],"predecessor-version":[{"id":7224,"href":"https:\/\/altorf2026.fr\/index.php?rest_route=\/wp\/v2\/pages\/7054\/revisions\/7224"}],"wp:attachment":[{"href":"https:\/\/altorf2026.fr\/index.php?rest_route=%2Fwp%2Fv2%2Fmedia&parent=7054"}],"curies":[{"name":"wp","href":"https:\/\/api.w.org\/{rel}","templated":true}]}}