{"id":7060,"date":"2026-01-30T17:00:57","date_gmt":"2026-01-30T16:00:57","guid":{"rendered":"http:\/\/altorf2026.fr\/?page_id=7060"},"modified":"2026-02-01T11:03:43","modified_gmt":"2026-02-01T10:03:43","slug":"politique-generale-du-village","status":"publish","type":"page","link":"https:\/\/altorf2026.fr\/?page_id=7060","title":{"rendered":"POLITIQUE G\u00c9N\u00c9RALE DU VILLAGE"},"content":{"rendered":"\n<div style=\"height:0\" aria-hidden=\"true\" class=\"wp-block-spacer\"><\/div>\n\n\n\n<h2 class=\"wp-block-heading\">D\u00c9VELOPPEMENT ET AM\u00c9NAGEMENT DE NOTRE TERRITOIRE<\/h2>\n\n\n\n<p><strong>Nous regrettons vivement que trop peu d\u2019informations soient communiqu\u00e9es \u00e0 la population sur des dossiers importants et d\u00e9terminants pour l\u2019avenir de notre territoire.<\/strong><\/p>\n\n\n\n<div style=\"height:0\" aria-hidden=\"true\" class=\"wp-block-spacer\"><\/div>\n\n\n\n<h2 class=\"wp-block-heading\"><strong>La zone Activeum :<\/strong>&nbsp;<\/h2>\n\n\n\n<div class=\"wp-block-media-text is-stacked-on-mobile\" style=\"grid-template-columns:15% auto\"><figure class=\"wp-block-media-text__media\"><img loading=\"lazy\" decoding=\"async\" width=\"1024\" height=\"768\" src=\"https:\/\/altorf2026.fr\/wp-content\/uploads\/2026\/01\/Activeum08-1024x768.jpg\" alt=\"\" class=\"wp-image-7061 size-full\" srcset=\"https:\/\/altorf2026.fr\/wp-content\/uploads\/2026\/01\/Activeum08-1024x768.jpg 1024w, https:\/\/altorf2026.fr\/wp-content\/uploads\/2026\/01\/Activeum08-300x225.jpg 300w, https:\/\/altorf2026.fr\/wp-content\/uploads\/2026\/01\/Activeum08.jpg 1600w\" sizes=\"auto, (max-width: 1024px) 100vw, 1024px\" \/><\/figure><div class=\"wp-block-media-text__content\">\n<p>D\u2019importants travaux de d\u00e9veloppement \u00e9conomique de la zone ainsi que des am\u00e9nagements au titre de mesures compensatoires sont en phase de r\u00e9alisation.<\/p>\n<\/div><\/div>\n\n\n\n<div style=\"height:18px\" aria-hidden=\"true\" class=\"wp-block-spacer\"><\/div>\n\n\n\n<figure class=\"wp-block-gallery has-nested-images columns-default is-cropped wp-block-gallery-1 is-layout-flex wp-block-gallery-is-layout-flex\">\n<figure class=\"wp-block-image size-large\"><img loading=\"lazy\" decoding=\"async\" width=\"1024\" height=\"768\" data-id=\"7130\" src=\"https:\/\/altorf2026.fr\/wp-content\/uploads\/2026\/01\/Activeum19-1024x768.jpg\" alt=\"\" class=\"wp-image-7130\" srcset=\"https:\/\/altorf2026.fr\/wp-content\/uploads\/2026\/01\/Activeum19-1024x768.jpg 1024w, https:\/\/altorf2026.fr\/wp-content\/uploads\/2026\/01\/Activeum19-300x225.jpg 300w, https:\/\/altorf2026.fr\/wp-content\/uploads\/2026\/01\/Activeum19.jpg 1600w\" sizes=\"auto, (max-width: 1024px) 100vw, 1024px\" \/><\/figure>\n\n\n\n<figure class=\"wp-block-image size-large\"><img loading=\"lazy\" decoding=\"async\" width=\"1024\" height=\"768\" data-id=\"7131\" src=\"https:\/\/altorf2026.fr\/wp-content\/uploads\/2026\/01\/Activeum10-1024x768.jpg\" alt=\"\" class=\"wp-image-7131\" srcset=\"https:\/\/altorf2026.fr\/wp-content\/uploads\/2026\/01\/Activeum10-1024x768.jpg 1024w, https:\/\/altorf2026.fr\/wp-content\/uploads\/2026\/01\/Activeum10-300x225.jpg 300w, https:\/\/altorf2026.fr\/wp-content\/uploads\/2026\/01\/Activeum10.jpg 1600w\" sizes=\"auto, (max-width: 1024px) 100vw, 1024px\" \/><\/figure>\n\n\n\n<figure class=\"wp-block-image size-large\"><img loading=\"lazy\" decoding=\"async\" width=\"1024\" height=\"768\" data-id=\"7132\" src=\"https:\/\/altorf2026.fr\/wp-content\/uploads\/2026\/01\/Activeum05-1024x768.jpg\" alt=\"\" class=\"wp-image-7132\" srcset=\"https:\/\/altorf2026.fr\/wp-content\/uploads\/2026\/01\/Activeum05-1024x768.jpg 1024w, https:\/\/altorf2026.fr\/wp-content\/uploads\/2026\/01\/Activeum05-300x225.jpg 300w, https:\/\/altorf2026.fr\/wp-content\/uploads\/2026\/01\/Activeum05.jpg 1600w\" sizes=\"auto, (max-width: 1024px) 100vw, 1024px\" \/><\/figure>\n<\/figure>\n\n\n\n<div style=\"height:var(--wp--preset--spacing--x-small)\" aria-hidden=\"true\" class=\"wp-block-spacer\"><\/div>\n\n\n\n<h2 class=\"wp-block-heading\"><strong>Le projet de captage de lithium :<\/strong><\/h2>\n\n\n\n<div class=\"wp-block-media-text is-stacked-on-mobile\" style=\"grid-template-columns:15% auto\"><figure class=\"wp-block-media-text__media\"><img loading=\"lazy\" decoding=\"async\" width=\"616\" height=\"1024\" src=\"https:\/\/altorf2026.fr\/wp-content\/uploads\/2026\/01\/Plan-des-34-villages-concernes-par-le-permis-captage-lithium-e1769766095769-616x1024.jpg\" alt=\"\" class=\"wp-image-7062 size-full\" srcset=\"https:\/\/altorf2026.fr\/wp-content\/uploads\/2026\/01\/Plan-des-34-villages-concernes-par-le-permis-captage-lithium-e1769766095769-616x1024.jpg 616w, https:\/\/altorf2026.fr\/wp-content\/uploads\/2026\/01\/Plan-des-34-villages-concernes-par-le-permis-captage-lithium-e1769766095769-180x300.jpg 180w, https:\/\/altorf2026.fr\/wp-content\/uploads\/2026\/01\/Plan-des-34-villages-concernes-par-le-permis-captage-lithium-e1769766095769-768x1277.jpg 768w, https:\/\/altorf2026.fr\/wp-content\/uploads\/2026\/01\/Plan-des-34-villages-concernes-par-le-permis-captage-lithium-e1769766095769-600x998.jpg 600w, https:\/\/altorf2026.fr\/wp-content\/uploads\/2026\/01\/Plan-des-34-villages-concernes-par-le-permis-captage-lithium-e1769766095769.jpg 848w\" sizes=\"auto, (max-width: 616px) 100vw, 616px\" \/><\/figure><div class=\"wp-block-media-text__content\">\n<p>Deux Permis Exclusifs de Recherches (PER) d\u00e9pos\u00e9s par Lithium de France sont en cours d\u2019instruction sur 34 communes (dont Altorf) dans le Bas-Rhin depuis avril 2024.<br>Une consultation du public \u00e9tait ouverte du 24 novembre au 29 d\u00e9cembre 2025&#8230;<br><strong>Qui en a eu connaissance ?<br>Quelle a \u00e9t\u00e9 la position de la municipalit\u00e9 ?<\/strong><\/p>\n\n\n\n<p><a href=\"https:\/\/www.economie.gouv.fr\/actualites\/consultation-du-public-sur-deux-demandes-doctroi-de-permis-exclusifs-de-recherches-de-mines-de-lithium-et-substances-connexes-dit-les\">cliquer ici pour en savoir plus<\/a><\/p>\n<\/div><\/div>\n\n\n\n<div style=\"height:0\" aria-hidden=\"true\" class=\"wp-block-spacer\"><\/div>\n\n\n\n<h2 class=\"wp-block-heading\"><strong>L\u2019am\u00e9nagement d\u2019une trame Bleue et verte<\/strong>&nbsp;:<\/h2>\n\n\n\n<div class=\"wp-block-media-text is-stacked-on-mobile\" style=\"grid-template-columns:41% auto\"><figure class=\"wp-block-media-text__media\"><img loading=\"lazy\" decoding=\"async\" width=\"1024\" height=\"512\" src=\"https:\/\/altorf2026.fr\/wp-content\/uploads\/2026\/01\/trame-verte-bleue2.png\" alt=\"\" class=\"wp-image-7064 size-full\" srcset=\"https:\/\/altorf2026.fr\/wp-content\/uploads\/2026\/01\/trame-verte-bleue2.png 1024w, https:\/\/altorf2026.fr\/wp-content\/uploads\/2026\/01\/trame-verte-bleue2-300x150.png 300w\" sizes=\"auto, (max-width: 1024px) 100vw, 1024px\" \/><\/figure><div class=\"wp-block-media-text__content\">\n<p>(pr\u00e9servation de la biodiversit\u00e9 et de la continuit\u00e9 \u00e9cologique) est en cours de r\u00e9alisation par la Communaut\u00e9 de Communes.<br><br>Toutes les communes de la Communaut\u00e9 de Communes sont d\u00e9j\u00e0 au travail ;<\/p>\n\n\n\n<p>\u2022 informations \u2022 rencontres<br>\u2022 dialogue<\/p>\n\n\n\n<p>&#8230; SAUF ALTORF !<\/p>\n\n\n\n<p><a href=\"https:\/\/www.trameverteetbleue.fr\/presentation-tvb\/qu-est-ce-que-trame-verte-bleue?language%3Den=fr\">Cliquer ici pour en savoir plus<\/a><\/p>\n<\/div><\/div>\n\n\n\n<div style=\"height:var(--wp--preset--spacing--x-small)\" aria-hidden=\"true\" class=\"wp-block-spacer\"><\/div>\n\n\n\n<blockquote class=\"wp-block-quote is-layout-flow wp-block-quote-is-layout-flow\">\n<p class=\"has-text-align-center has-medium-font-size\"><strong>Ces sujets majeurs m\u00e9ritent une transparence totale et de la concertation. Nous nous y engageons.<\/strong><\/p>\n<\/blockquote>\n\n\n\n<p><\/p>\n","protected":false},"excerpt":{"rendered":"<p>D\u00c9VELOPPEMENT ET AM\u00c9NAGEMENT DE NOTRE TERRITOIRE Nous regrettons vivement que trop peu d\u2019informations soient communiqu\u00e9es \u00e0 la population sur des dossiers importants et d\u00e9terminants pour l\u2019avenir de notre territoire. La zone Activeum :&nbsp; D\u2019importants travaux de d\u00e9veloppement \u00e9conomique de la zone ainsi que des am\u00e9nagements au titre de mesures compensatoires sont en phase de r\u00e9alisation. &hellip; <\/p>\n<p class=\"link-more\"><a href=\"https:\/\/altorf2026.fr\/?page_id=7060\" class=\"more-link\">Lire la suite de<span class=\"screen-reader-text\">\u00ab\u00a0POLITIQUE G\u00c9N\u00c9RALE DU VILLAGE\u00a0\u00bb<\/span><\/a><\/p>\n","protected":false},"author":1,"featured_media":0,"parent":0,"menu_order":0,"comment_status":"closed","ping_status":"closed","template":"","meta":{"footnotes":""},"class_list":["post-7060","page","type-page","status-publish","hentry"],"_links":{"self":[{"href":"https:\/\/altorf2026.fr\/index.php?rest_route=\/wp\/v2\/pages\/7060","targetHints":{"allow":["GET"]}}],"collection":[{"href":"https:\/\/altorf2026.fr\/index.php?rest_route=\/wp\/v2\/pages"}],"about":[{"href":"https:\/\/altorf2026.fr\/index.php?rest_route=\/wp\/v2\/types\/page"}],"author":[{"embeddable":true,"href":"https:\/\/altorf2026.fr\/index.php?rest_route=\/wp\/v2\/users\/1"}],"replies":[{"embeddable":true,"href":"https:\/\/altorf2026.fr\/index.php?rest_route=%2Fwp%2Fv2%2Fcomments&post=7060"}],"version-history":[{"count":14,"href":"https:\/\/altorf2026.fr\/index.php?rest_route=\/wp\/v2\/pages\/7060\/revisions"}],"predecessor-version":[{"id":7225,"href":"https:\/\/altorf2026.fr\/index.php?rest_route=\/wp\/v2\/pages\/7060\/revisions\/7225"}],"wp:attachment":[{"href":"https:\/\/altorf2026.fr\/index.php?rest_route=%2Fwp%2Fv2%2Fmedia&parent=7060"}],"curies":[{"name":"wp","href":"https:\/\/api.w.org\/{rel}","templated":true}]}}