{"id":7067,"date":"2026-01-30T16:57:46","date_gmt":"2026-01-30T15:57:46","guid":{"rendered":"http:\/\/altorf2026.fr\/?page_id=7067"},"modified":"2026-02-01T11:04:37","modified_gmt":"2026-02-01T10:04:37","slug":"altorf-au-quotidien","status":"publish","type":"page","link":"https:\/\/altorf2026.fr\/?page_id=7067","title":{"rendered":"ALTORF AU QUOTIDIEN"},"content":{"rendered":"\n<h2 class=\"wp-block-heading\">Rubrique Finances :<\/h2>\n\n\n\n<p>Le d\u00e9veloppement de la zone Activeum r\u00e9alis\u00e9 par la Communaut\u00e9 de Communes devrait permettre \u00e0 Altorf de b\u00e9n\u00e9ficier d\u2019un apport financier important qui assurera la faisabilit\u00e9 de nos projets. Par ailleurs, les comp\u00e9tences et l\u2019implication de Bernard RAULIN, l\u2019adjoint actuellement en charge des finances, apportent la garantie d\u2019une bonne gestion.<\/p>\n\n\n\n<h2 class=\"wp-block-heading\">Activit\u00e9s \u00e9conomiques :<\/h2>\n\n\n\n<p>Nous serons tr\u00e8s attentifs \u00e0 la possibilit\u00e9 d\u2019implantation de nouveaux commerces, d\u2019une maison de sant\u00e9 et de services \u00e0 la personne. Toute opportunit\u00e9 sera saisie, \u00e9tudi\u00e9e et soutenue.<\/p>\n\n\n\n<h2 class=\"wp-block-heading\">\u00c9clairage public :<\/h2>\n\n\n\n<p>Terminer d\u2019\u00e9quiper l\u2019ensemble du village en \u00e9clairage LED.<br>Dans un objectif de s\u00e9curit\u00e9, et en fonction des contraintes techniques,&nbsp;<strong>les horaires d\u2019extinction nocturne seront revus&nbsp;<\/strong>pour mieux r\u00e9pondre aux besoins et aux attentes des habitants.<\/p>\n\n\n\n<h2 class=\"wp-block-heading\">Entretien g\u00e9n\u00e9ral du village :<\/h2>\n\n\n\n<ul class=\"wp-block-list\">\n<li>Plan pluriannuel de r\u00e9fection des trottoirs<\/li>\n\n\n\n<li>Entretien et remplacement des panneaux de signalisation et des \u00e9quipements publics abim\u00e9s.<\/li>\n\n\n\n<li>Propret\u00e9 du village : Nous veillerons \u00e0 maintenir un village propre et entretenu.<\/li>\n<\/ul>\n\n\n\n<h2 class=\"wp-block-heading\">P\u00e9riscolaire :<\/h2>\n\n\n\n<p>Nous garantirons une place \u00e0 tous les enfants d\u2019Altorf<\/p>\n\n\n\n<h2 class=\"wp-block-heading\">Gestion de la petite enfance :<\/h2>\n\n\n\n<p>Nous serons \u00e0 l\u2019\u00e9coute des besoins et soutiendrons toutes propositions pour r\u00e9pondre aux attentes des parents et des assistantes maternelles.<\/p>\n\n\n\n<h2 class=\"wp-block-heading\">Animation jeunesse :<\/h2>\n\n\n\n<p>Nous poursuivrons et d\u00e9velopperons les activit\u00e9s propos\u00e9es aux jeunes de 11 \u00e0 17 ans dans le cadre de la coop\u00e9ration intercommunale.<\/p>\n\n\n\n<h2 class=\"wp-block-heading\">Maintien des pompiers \u00e0 Altorf :<\/h2>\n\n\n\n<p>La d\u00e9cision de regrouper les moyens de secours \u00e0 Molsheim semble avoir \u00e9t\u00e9 prise. <br>Est-ce pour raisons \u00e9lectorales que la population n\u2019en a pas \u00e9t\u00e9 inform\u00e9e ? <br><strong>Nous ferons, malgr\u00e9 tout, notre possible pour garder nos pompiers \u00e0 Altorf.<\/strong><\/p>\n\n\n\n<h2 class=\"wp-block-heading\">Nous \u00e9tudierons les possibilit\u00e9s d\u2019am\u00e9nagements et d\u2019installations en concertation avec les services de l\u2019\u00e9tat, pour :<\/h2>\n\n\n\n<ul class=\"wp-block-list\">\n<li>S\u00e9curiser le dangereux tourne \u00e0 gauche pour acc\u00e9der au Forsthof car situ\u00e9 en pleine ligne droite en venant d\u2019Altorf.<\/li>\n\n\n\n<li>Cr\u00e9er une protection acoustique (digue ou mur anti-bruit) pour prot\u00e9ger le village des nuisances sonores de l\u2019autoroute \u00e0 la sortie d\u2019Altorf vers Dorlisheim.<\/li>\n\n\n\n<li>Donner la possibilit\u00e9 \u00e0 nos jeunes de rester habiter le village.<\/li>\n\n\n\n<li>Envisager la cr\u00e9ation d\u2019une r\u00e9sidence s\u00e9niors.<\/li>\n<\/ul>\n\n\n\n<h2 class=\"wp-block-heading\">Police municipale :<\/h2>\n\n\n\n<ul class=\"wp-block-list\">\n<li>L\u2019intervention de la Police Municipale dans le cadre de missions clairement d\u00e9finies et encadr\u00e9es, en rapport avec ses pr\u00e9rogatives, devra contribuer \u00e0 garantir la s\u00e9curit\u00e9 et la tranquillit\u00e9 de nos concitoyens.<\/li>\n\n\n\n<li>Nous veillerons \u00e0 lutter contre les incivilit\u00e9s : Vitesse excessive, stationnement ill\u00e9gal ou dangereux, crottes de chiens&#8230;<br><strong>La m\u00e9thode pr\u00e9conis\u00e9e :&nbsp;<\/strong>Information \/ p\u00e9dagogie \/ avertissement \/ sanction.<\/li>\n\n\n\n<li>Cam\u00e9ra de surveillance :D\u00e9veloppement de l\u2019installation de cam\u00e9ras de surveillance dans les zones sensibles du village. (Zones publiques sensibles, aire de jeux, lavoir, \u00e9tang, parking c\u00f4t\u00e9 \u00e9glise).<\/li>\n\n\n\n<li>Gens du voyage : Maintenir la vigilance en p\u00e9riode estivale en collaboration avec les services de la Pr\u00e9fecture et de la Gendarmerie.<\/li>\n<\/ul>\n\n\n\n<h2 class=\"wp-block-heading\">Vente de bois :<\/h2>\n\n\n\n<p>Nous reprendrons, en toute transparence, la vente par adjudication des coupes de bois.<\/p>\n\n\n\n<h2 class=\"wp-block-heading\"><strong>Protection de la zone de l\u2019\u00e9tang :<\/strong><\/h2>\n\n\n\n<div class=\"wp-block-media-text is-stacked-on-mobile\" style=\"grid-template-columns:41% auto\"><figure class=\"wp-block-media-text__media\"><img loading=\"lazy\" decoding=\"async\" width=\"1024\" height=\"683\" src=\"https:\/\/altorf2026.fr\/wp-content\/uploads\/2026\/01\/IMG_3935-1024x683.jpg\" alt=\"\" class=\"wp-image-7068 size-full\" srcset=\"https:\/\/altorf2026.fr\/wp-content\/uploads\/2026\/01\/IMG_3935-1024x683.jpg 1024w, https:\/\/altorf2026.fr\/wp-content\/uploads\/2026\/01\/IMG_3935-300x200.jpg 300w, https:\/\/altorf2026.fr\/wp-content\/uploads\/2026\/01\/IMG_3935-2000x1333.jpg 2000w\" sizes=\"auto, (max-width: 1024px) 100vw, 1024px\" \/><\/figure><div class=\"wp-block-media-text__content\">\n<p>Des am\u00e9nagements sont \u00e0 r\u00e9aliser \u00e0 l\u2019\u00e9tang. Nous regrettons qu\u2019aucune mesure de protection n\u2019ait \u00e9t\u00e9 prise ces derni\u00e8res ann\u00e9es pour prot\u00e9ger le site.<\/p>\n<\/div><\/div>\n\n\n\n<p><\/p>\n","protected":false},"excerpt":{"rendered":"<p>Rubrique Finances : Le d\u00e9veloppement de la zone Activeum r\u00e9alis\u00e9 par la Communaut\u00e9 de Communes devrait permettre \u00e0 Altorf de b\u00e9n\u00e9ficier d\u2019un apport financier important qui assurera la faisabilit\u00e9 de nos projets. Par ailleurs, les comp\u00e9tences et l\u2019implication de Bernard RAULIN, l\u2019adjoint actuellement en charge des finances, apportent la garantie d\u2019une bonne gestion. Activit\u00e9s \u00e9conomiques &hellip; <\/p>\n<p class=\"link-more\"><a href=\"https:\/\/altorf2026.fr\/?page_id=7067\" class=\"more-link\">Lire la suite de<span class=\"screen-reader-text\">\u00ab\u00a0ALTORF AU QUOTIDIEN\u00a0\u00bb<\/span><\/a><\/p>\n","protected":false},"author":1,"featured_media":0,"parent":0,"menu_order":0,"comment_status":"closed","ping_status":"closed","template":"","meta":{"footnotes":""},"class_list":["post-7067","page","type-page","status-publish","hentry"],"_links":{"self":[{"href":"https:\/\/altorf2026.fr\/index.php?rest_route=\/wp\/v2\/pages\/7067","targetHints":{"allow":["GET"]}}],"collection":[{"href":"https:\/\/altorf2026.fr\/index.php?rest_route=\/wp\/v2\/pages"}],"about":[{"href":"https:\/\/altorf2026.fr\/index.php?rest_route=\/wp\/v2\/types\/page"}],"author":[{"embeddable":true,"href":"https:\/\/altorf2026.fr\/index.php?rest_route=\/wp\/v2\/users\/1"}],"replies":[{"embeddable":true,"href":"https:\/\/altorf2026.fr\/index.php?rest_route=%2Fwp%2Fv2%2Fcomments&post=7067"}],"version-history":[{"count":10,"href":"https:\/\/altorf2026.fr\/index.php?rest_route=\/wp\/v2\/pages\/7067\/revisions"}],"predecessor-version":[{"id":7226,"href":"https:\/\/altorf2026.fr\/index.php?rest_route=\/wp\/v2\/pages\/7067\/revisions\/7226"}],"wp:attachment":[{"href":"https:\/\/altorf2026.fr\/index.php?rest_route=%2Fwp%2Fv2%2Fmedia&parent=7067"}],"curies":[{"name":"wp","href":"https:\/\/api.w.org\/{rel}","templated":true}]}}